{"id":570,"date":"2026-04-24T13:36:18","date_gmt":"2026-04-24T11:36:18","guid":{"rendered":"http:\/\/192.168.2.11\/?page_id=570"},"modified":"2026-05-08T17:26:39","modified_gmt":"2026-05-08T15:26:39","slug":"ochrona-srodowiska","status":"publish","type":"page","link":"https:\/\/raport2025.powiat-zyrardowski.pl\/index.php\/ochrona-srodowiska\/","title":{"rendered":"Ochrona \u015brodowiska"},"content":{"rendered":"\n<p>Powiat \u017byrardowski, po\u0142o\u017cony w dorzeczu rzek Bzura i Jeziorka, charakteryzuje si\u0119 bogatym i zr\u00f3\u017cnicowanym \u015brodowiskiem przyrodniczym, w kt\u00f3rym znacz\u0105c\u0105 rol\u0119 odgrywaj\u0105 tereny zielone oraz obszary chronione. Znajduj\u0105 si\u0119 tu liczne rezerwaty przyrody \u2013 le\u015bne, \u0142\u0105kowe i wodne, a tak\u017ce rozleg\u0142e fragmenty Bolimowskiego Parku Krajobrazowego, stanowi\u0105cego wa\u017cny korytarz ekologiczny oraz miejsce wyst\u0119powania wielu gatunk\u00f3w ro\u015blin i zwierz\u0105t obj\u0119tych ochron\u0105 prawn\u0105.&nbsp;<\/p>\n\n\n\n<p>W cz\u0119\u015bci powiatu zwi\u0105zanej z obszarami g\u00f3rniczymi i powierzchniow\u0105 eksploatacj\u0105 kruszyw mineralnych obserwuje si\u0119 znaczn\u0105 degradacj\u0119 krajobrazu ro\u015blinnego i zmiany antropogeniczne w jako\u015bci siedlisk oraz teren\u00f3w rolniczych. Pomimo tego, przewa\u017caj\u0105ce obszary zachodnie, \u015brodkowe i wschodnie wchodz\u0105 w sk\u0142ad \u201eBolimowsko-Radziejowickiego Obszaru Chronionego Krajobrazu z Dolin\u0105 \u015arodkowej Rawki\u201d, co \u015bwiadczy o wysokich walorach przyrodniczych tego regionu wojew\u00f3dztwa mazowieckiego.&nbsp;<\/p>\n\n\n\n<p>W ramach programu zwi\u0119kszenia lesisto\u015bci kraju, na obszarze Powiatu \u017byrardowskiego, zosta\u0142 opracowany plan zalesie\u0144 na lata 2025-2030. Na dzie\u0144 dzisiejszy Nadle\u015bnictwo Radziwi\u0142\u0142\u00f3w i Gr\u00f3jec nie planuje zalesie\u0144 grunt\u00f3w rolnych w latach 2025-2030. Mo\u017ce si\u0119 to zmieni\u0107 w wyniku nabycia takich grunt\u00f3w w przysz\u0142o\u015bci.&nbsp;<\/p>\n\n\n\n<p>Ochrona \u015brodowiska w powiecie \u017byrardowskim opiera si\u0119 na zr\u00f3wnowa\u017conym gospodarowaniu zasobami naturalnymi, realizacji program\u00f3w ochrony przyrody oraz inwestycjach poprawiaj\u0105cych jako\u015b\u0107 przestrzeni zielonych i w\u00f3d powierzchniowych. Dzia\u0142ania te sprzyjaj\u0105 zar\u00f3wno zachowaniu bior\u00f3\u017cnorodno\u015bci, jak i podnoszeniu komfortu \u017cycia mieszka\u0144c\u00f3w.&nbsp;<\/p>\n\n\n\n<h3 class=\"wp-block-heading has-text-color has-link-color wp-elements-80bb7dca4129c0e5429db2941cd1e567\" style=\"color:#14357a\"><strong>Chronimy przyrod\u0119<\/strong><\/h3>\n\n\n\n<p class=\"has-black-color has-text-color has-link-color wp-elements-47538de5e2fd534ecad4a7cdd2931abb\">Po\u0142owa obszaru Powiatu \u017byrardowskiego zosta\u0142a obj\u0119ta ochron\u0105 prawn\u0105 z uwagi na wysokie walory pejza\u017cu urbanistyczno-przyrodniczego oraz historyczno-kulturowego. Obecnie niemal ca\u0142y zachodni i po\u0142udniowo-zachodni oraz \u015brodkowy i wschodni rejon Powiatu \u017byrardowskiego (263,89 km<sup>2<\/sup>, co stanowi a\u017c 49,54% powierzchni powiatu) zosta\u0142 w\u0142\u0105czony prawn\u0105 ochron\u0105 konserwatorsk\u0105 w rozleg\u0142y system ochrony krajobrazu, jako <strong>Obszar Chronionego Krajobrazu pn.: Bolimowsko-Radziejowicki Obszar Chronionego Krajobrazu z Dolin\u0105 \u015arodkowej Rawki.<\/strong><\/p>\n\n\n\n<p>Niew\u0105tpliwie najistotniejszym walorem przyrodniczo-krajobrazowym (obok pejza\u017cu urbanistyczno-przyrodniczego i historyczno-kulturowego), jest wyj\u0105tkowy charakter wyst\u0119powania w\u00f3d p\u0142yn\u0105cych (rzeki, strugi, strumyki, ruczaje oraz liczne strefy \u017ar\u00f3dliskowe), kt\u00f3re na obszarze powiatu bior\u0105 sw\u00f3j pocz\u0105tek. Stanowi to zasadnicz\u0105 istot\u0119 podstawowych cech ochrony tego obszaru.&nbsp;<\/p>\n\n\n\n<div style=\"height:30px\" aria-hidden=\"true\" class=\"wp-block-spacer\"><\/div>\n\n\n\n<h3 class=\"wp-block-heading has-text-color has-link-color wp-elements-ec757fb7c8cb98016a7183b894254bcb\" style=\"color:#14357a\"><strong>Formy ochrony przyrody na terenie Powiatu \u017byrardowskiego:<\/strong><\/h3>\n\n\n\n<h5 class=\"wp-block-heading has-text-color has-link-color wp-elements-a9a00d54fe58a535c2f254e68405a13a\" style=\"color:#14357a\"><strong>Rezerwaty przyrody:<\/strong><\/h5>\n\n\n\n<ul class=\"wp-block-list\">\n<li>Puszcza Maria\u0144ska &#8211; ochrona lasu gr\u0105dowego z rzadkimi chronionymi ro\u015blinami w runie,<\/li>\n\n\n\n<li>\u201eD\u0105browa Radziejowicka\u201d &#8211; zachowanie d\u0105browy \u015bwietlistej z chronionymi gatunkami ro\u015blin w runie,<\/li>\n\n\n\n<li><em>&nbsp;<\/em>\u201eGr\u0105dy Osuchowskie\u201d- ochrona zr\u00f3\u017cnicowanych zbiorowisk gr\u0105dowych oraz boru bagiennego o charakterze reliktowym z chronionymi gatunkami ro\u015blin,<\/li>\n\n\n\n<li>\u201eRzeka Rawka\u201d <em>-w<\/em>odny rezerwat przyrody b\u0119d\u0105cy osi\u0105 hydrograficzn\u0105 Bolimowskiego Parku Krajobrazowego, jego utworzenie ma na celu ochron\u0119 typowej rzeki nizinnej ze stanowiskami ro\u015blin rzadkich i chronionych oraz ciekawej fauny,<\/li>\n\n\n\n<li>\u201eStawy Gnojna im. Rodziny Bieleckich\u201d jest to zarazem <em>Zesp\u00f3\u0142 Przyrodniczo-Krajobrazowy<\/em> maj\u0105cy na celu ochron\u0119 zbiorowisk wodno-\u0142\u0105kowych i bogatej awifauny&nbsp;pe\u0142ni jednocze\u015bnie funkcj\u0119 rezerwuaru wody dla pobliskiego obszaru.<\/li>\n<\/ul>\n\n\n\n<p><\/p>\n\n\n\n<h5 class=\"wp-block-heading has-text-color has-link-color wp-elements-054fc1d215d51c3a5c35e4c4a1cbf18e\" style=\"color:#14357a\"><strong>Obszary Natura 2000:<\/strong><\/h5>\n\n\n\n<ul class=\"wp-block-list\">\n<li>\u201e\u0141\u0105ki \u017bukowskie\u201d,<\/li>\n\n\n\n<li>\u201eDolina Rawki\u201d,<\/li>\n\n\n\n<li>\u201eGrabinka\u201d,<\/li>\n\n\n\n<li>&nbsp;\u201eD\u0105browa Radziejowska\u201d.<\/li>\n<\/ul>\n\n\n\n<h5 class=\"wp-block-heading has-text-color has-link-color wp-elements-acf2a22ddabf4c6e85c2fc352abf9dd0\" style=\"color:#14357a\"><br><strong>80 obszar\u00f3w u\u017cytk\u00f3w ekologicznych, z tego na poszczeg\u00f3lne gminy przypada:&nbsp;<\/strong><\/h5>\n\n\n\n<ul class=\"wp-block-list\">\n<li>Gmina Puszcza Maria\u0144ska \u2013 <strong>33<\/strong>,<\/li>\n\n\n\n<li>Gmina Wiskitki \u2013 <strong>44<\/strong>,&nbsp;<\/li>\n\n\n\n<li>Miasto \u017byrard\u00f3w \u2013 <strong>3<\/strong>.<\/li>\n<\/ul>\n\n\n\n<p><\/p>\n\n\n\n<h5 class=\"wp-block-heading has-text-color has-link-color wp-elements-fdefbcc78b0db9e583a6605cdec1dd6a\" style=\"color:#14357a\">ZADANIA WYDZIA\u0141U OCHRONY \u015aRODOWISKA I ROLNICTWA&nbsp;<\/h5>\n\n\n\n<p><strong>Wydzia\u0142 Ochrony \u015arodowiska i Rolnictwa<\/strong> zapewnia obs\u0142ug\u0119 w realizacji zada\u0144 w dziedzinie ochrony \u015brodowiska, ochrony przyrody, rolnictwa, le\u015bnictwa i rybactwa wynikaj\u0105cych w szczeg\u00f3lno\u015bci z nast\u0119puj\u0105cych przepis\u00f3w: Prawo ochrony \u015brodowiska, Prawo geologiczne i g\u00f3rnicze, ustawa o ochronie przyrody, ustawa o ochronie grunt\u00f3w rolnych i le\u015bnych, ustawa o lasach, ustawa o rybactwie \u015br\u00f3dl\u0105dowym, ustawa o odpadach, Prawo wodne, Prawo \u0142owieckie.<\/p>\n\n\n\n<div style=\"height:30px\" aria-hidden=\"true\" class=\"wp-block-spacer\"><\/div>\n\n\n\n<h3 class=\"wp-block-heading has-text-color has-link-color wp-elements-98ee88a351e576e399435fcb30685904\" style=\"color:#14357a\"><strong>Do podstawowych zada\u0144 Wydzia\u0142u nale\u017cy w szczeg\u00f3lno\u015bci:<\/strong><\/h3>\n\n\n\n<h5 class=\"wp-block-heading has-text-color has-link-color wp-elements-2fa8938c9e0ea08afcdecc3da9eac2bd\" style=\"color:#14357a\"><strong>Gospodarowanie obszarami le\u015bnymi i gruntami rolnymi oraz innymi:<\/strong><\/h5>\n\n\n\n<ul class=\"wp-block-list\">\n<li>wydawanie zezwole\u0144 na usuni\u0119cie drzew i krzew\u00f3w z nieruchomo\u015bci b\u0119d\u0105cych w\u0142asno\u015bci\u0105 gminy (za wyj\u0105tkiem nieruchomo\u015bci b\u0119d\u0105cych w u\u017cytkowaniu wieczystym innego podmiotu),<\/li>\n\n\n\n<li>wydawanie zezwole\u0144 na usuni\u0119cie drzew i krzew\u00f3w w pasie drogowym drogi publicznej, z wy\u0142\u0105czeniem obcych gatunk\u00f3w topoli, po uzgodnieniu z regionalnym dyrektorem ochrony \u015brodowiska,&nbsp;<\/li>\n\n\n\n<li>nadz\u00f3r nad lasami nie stanowi\u0105cymi w\u0142asno\u015bci Skarbu Pa\u0144stwa,<\/li>\n\n\n\n<li>wydawanie \u015bwiadectw potwierdzaj\u0105cych legalno\u015b\u0107 pozyskania drewna w lasach nie stanowi\u0105cych w\u0142asno\u015bci Skarbu Pa\u0144stwa,<\/li>\n\n\n\n<li>prowadzenie spraw zwi\u0105zanych z wy\u0142\u0105czaniem grunt\u00f3w rolnych i le\u015bnych z produkcji,<\/li>\n\n\n\n<li>wydawanie za\u015bwiadcze\u0144 stwierdzaj\u0105cych czy dzia\u0142ka obj\u0119ta uproszczonym planem urz\u0105dzania lasu lub decyzji, o kt\u00f3rych mowa w ustawie o lasach,<\/li>\n\n\n\n<li>prowadzenie spraw zwi\u0105zanych z przeznaczeniem grunt\u00f3w rolnych do zalesienia,<\/li>\n\n\n\n<li>prowadzenie spraw zwi\u0105zanych z zamian\u0105 gruntu le\u015bnego na rolny.<\/li>\n<\/ul>\n\n\n\n<p><\/p>\n\n\n\n<h5 class=\"wp-block-heading has-text-color has-link-color wp-elements-5ce9dfbbf4767a2b0f7ad3137246b552\" style=\"color:#14357a\"><strong>Gospodarka wodna i rybacka:<\/strong><\/h5>\n\n\n\n<ul class=\"wp-block-list\">\n<li>wydawanie kart w\u0119dkarskich,<\/li>\n\n\n\n<li>wydawanie kart \u0142owiectwa podwodnego,<\/li>\n\n\n\n<li>wydawanie kart dla rybackiej stra\u017cy spo\u0142ecznej,<\/li>\n\n\n\n<li>rejestracja jacht\u00f3w i innych jednostek p\u0142ywaj\u0105cych o d\u0142. do 24m (Reja24),<\/li>\n\n\n\n<li>prowadzenie nadzoru i kontroli nad dzia\u0142alno\u015bci\u0105 sp\u00f3\u0142ek wodnych,<\/li>\n\n\n\n<li>ustanawianie strefy ochronnej uj\u0119\u0107 wody obejmuj\u0105cej wy\u0142\u0105cznie teren ochrony bezpo\u015bredniej.<\/li>\n<\/ul>\n\n\n\n<p><\/p>\n\n\n\n<h5 class=\"wp-block-heading has-text-color has-link-color wp-elements-2ecfc6032f512f4a6dfa11942307c317\" style=\"color:#14357a\"><strong>Gospodarka odpadami:<\/strong><\/h5>\n\n\n\n<ul class=\"wp-block-list\">\n<li>przygotowywanie i wydawanie zezwole\u0144 na wytwarzanie odpad\u00f3w,<\/li>\n\n\n\n<li>przygotowanie i wydawanie zezwole\u0144 na zbieranie odpad\u00f3w,<\/li>\n\n\n\n<li>przygotowanie i wydawanie zezwole\u0144 na przetwarzanie odpad\u00f3w,<\/li>\n<\/ul>\n\n\n\n<p><\/p>\n\n\n\n<h5 class=\"wp-block-heading has-text-color has-link-color wp-elements-d8ea4119bc7fc2e94f45177cbdd28113\" style=\"color:#14357a\"><strong>Nadz\u00f3r \u015brodowiskowy nad inwestycjami:<\/strong><\/h5>\n\n\n\n<ul class=\"wp-block-list\">\n<li>prowadzenie post\u0119powania w sprawie opiniowania i uzgadniania przedsi\u0119wzi\u0119\u0107 mog\u0105cych znacz\u0105co oddzia\u0142ywa\u0107 na \u015brodowisko,<\/li>\n\n\n\n<li>zobowi\u0105zywanie podmiot\u00f3w prowadz\u0105cych instalacje do sporz\u0105dzania przegl\u0105du ekologicznego,<\/li>\n\n\n\n<li>uzgadnianie decyzji o ustaleniu lokalizacji inwestycji celu publicznego oraz decyzji o warunkach zabudowy,<\/li>\n\n\n\n<li>wydawanie decyzji o dopuszczalnym poziomie ha\u0142asu,<\/li>\n\n\n\n<li>wydawanie zezwole\u0144 podmiotom podejmuj\u0105cym realizacj\u0119 instalacji, kt\u00f3re b\u0119d\u0105 wytwarza\u0142y pola elektromagnetyczne,<\/li>\n\n\n\n<li>przyjmowanie zg\u0142osze\u0144 o instalacjach, z kt\u00f3rych emisja nie wymaga pozwolenia.<\/li>\n<\/ul>\n\n\n\n<p><\/p>\n\n\n\n<h5 class=\"wp-block-heading has-text-color has-link-color wp-elements-e637b025b729c78a82d3004ed27fb8d2\" style=\"color:#14357a\"><strong>Planowanie i informacja publiczna:<\/strong><\/h5>\n\n\n\n<ul class=\"wp-block-list\">\n<li>przygotowywanie projektu powiatowego programu ochrony \u015brodowiska i nadz\u00f3r nad jego realizacj\u0105,<\/li>\n\n\n\n<li>udost\u0119pnianie informacji o \u015brodowisku i jego ochronie oraz prowadzenie publicznie dost\u0119pnych wykaz\u00f3w danych o dokumentach,<\/li>\n\n\n\n<li>prowadzenie rejestru zwierz\u0105t nale\u017c\u0105cych do gatunk\u00f3w podlegaj\u0105cych ograniczeniom na podstawie prawa Unii Europejskiej oraz um\u00f3w mi\u0119dzynarodowych.<\/li>\n<\/ul>\n\n\n\n<p>W strukturze organizacyjnej Wydzia\u0142u Ochrony \u015arodowiska i Rolnictwa funkcjonuje stanowisko <strong>Geologa Powiatowego<\/strong>.&nbsp;<\/p>\n\n\n\n<div style=\"height:30px\" aria-hidden=\"true\" class=\"wp-block-spacer\"><\/div>\n\n\n\n<h3 class=\"wp-block-heading has-text-color has-link-color wp-elements-9e7f6f4a49483ca91044be368b4020ff\" style=\"color:#14357a\"><strong>Do zada\u0144 Geologa Powiatowego nale\u017cy w szczeg\u00f3lno\u015bci:<\/strong><\/h3>\n\n\n\n<ul class=\"wp-block-list\">\n<li>prowadzenie spraw zwi\u0105zanych z wydawaniem koncesji na poszukiwanie, rozpoznanie i wydobywanie kopalin,<\/li>\n\n\n\n<li>sprawowanie nadzoru i kontroli w zakresie wykonywania przez przedsi\u0119biorc\u00f3w uprawnie\u0144 z tytu\u0142u koncesji,<\/li>\n\n\n\n<li>nadz\u00f3r nad projektowaniem i wykonywaniem prac geologicznych i hydrogeologicznych \u2013 przygotowanie decyzji zatwierdzaj\u0105cych projekty rob\u00f3t geologicznych, hydrogeologicznych i geologiczno-in\u017cynierskich, kt\u00f3rych wykonywanie nie wymaga uzyskania koncesji,<\/li>\n\n\n\n<li>przygotowanie decyzji stwierdzaj\u0105cych wyga\u015bni\u0119cie koncesji oraz decyzji o cofni\u0119ciu koncesji,<\/li>\n\n\n\n<li>prowadzenie spraw zwi\u0105zanych z rekultywacj\u0105 obszar\u00f3w i teren\u00f3w po zako\u0144czonej eksploatacji z\u0142\u00f3\u017c kruszywa naturalnego,<\/li>\n\n\n\n<li>uzgadnianie projekt\u00f3w zmiany miejscowego planu zagospodarowania przestrzennego gminy w zakresie ochrony z\u0142\u00f3\u017c kopalin.<\/li>\n<\/ul>\n\n\n\n<p>Zadania zrealizowane przez Wydzia\u0142 Ochrony \u015arodowiska i Rolnictwa oraz Geologa Powiatowego w roku 2024 w ramach ustawowych kompetencji Starosty w liczbach<\/p>\n\n\n\n<h5 class=\"wp-block-heading has-text-color has-link-color wp-elements-b0d924923953227a2261dcce8fa8a1a5\" style=\"color:#14357a\"><strong>Geologia z\u0142o\u017cowa, hydrogeologia i geologia in\u017cynierska:<\/strong><\/h5>\n\n\n\n<ul class=\"wp-block-list\">\n<li>zatwierdzanie projekt\u00f3w rob\u00f3t geologicznych (z\u0142o\u017cowych) i spraw bezpo\u015brednio zwi\u0105zanych z podejmowaniem rozpoznania zasob\u00f3w z\u0142\u00f3\u017c kopalin &#8211; <strong>1<\/strong>,<\/li>\n\n\n\n<li>zatwierdzanie projekt\u00f3w rob\u00f3t hydrogeologicznych&nbsp;zwi\u0105zanych z rozpoznaniem zasob\u00f3w w\u00f3d podziemnych i budow\u0105 uj\u0119\u0107 wody &#8211; <strong>15,<\/strong><\/li>\n\n\n\n<li>zatwierdzanie projekt\u00f3w rob\u00f3t geologiczno-in\u017cynierskich zwi\u0105zanych z posadawianiem obiekt\u00f3w in\u017cynieryjnych (budynk\u00f3w, hal, obiekt\u00f3w mostowych, dr\u00f3g i innych) &#8211; <strong>8<\/strong>,<\/li>\n\n\n\n<li>zatwierdzanie projekt\u00f3w rob\u00f3t geologicznych wykorzystuj\u0105cych ciep\u0142o Ziemi do budowy pomp ciep\u0142a na cele grzewcze budynk\u00f3w mieszkalnych i obiekt\u00f3w u\u017cyteczno\u015bci publicznej &#8211; <strong>1<\/strong>,<\/li>\n\n\n\n<li>wydanie koncesji&nbsp;geologicznych (z\u0142o\u017cowych) &#8211; <strong>3<\/strong>,<\/li>\n\n\n\n<li>zatwierdzenie projekt\u00f3w geologicznych (innych) &#8211; <strong>7<\/strong>,<\/li>\n\n\n\n<li>rozpatrzone i przyj\u0119te wnioski o opinie w sprawie miejscowego planu zagospodarowania przestrzennego gmin &#8211; <strong>11<\/strong>.<\/li>\n<\/ul>\n\n\n\n<p><\/p>\n\n\n\n<h5 class=\"wp-block-heading has-text-color has-link-color wp-elements-afec0b8f28c8f695d5edbee979d4642c\" style=\"color:#14357a\"><strong>Gospodarka wodna:<\/strong><\/h5>\n\n\n\n<ul class=\"wp-block-list\">\n<li>sprawy i post\u0119powania z zakresu dzia\u0142ania Sp\u00f3\u0142ek Wodnych &#8211; <strong>12<\/strong>,<\/li>\n<\/ul>\n\n\n\n<p><\/p>\n\n\n\n<h5 class=\"wp-block-heading has-text-color has-link-color wp-elements-fd8be32cf366e51a0ac0fbff58b8914c\" style=\"color:#14357a\"><strong>Ochrona przyrody:<\/strong><\/h5>\n\n\n\n<ul class=\"wp-block-list\">\n<li>wydawanie decyzji zezwalaj\u0105cych na wyci\u0119cie drzew i krzew\u00f3w &#8211; <strong>138<\/strong>.<\/li>\n\n\n\n<li>Za\u015bwiadczenia o wpisie do rejestru zwierz\u0105t &#8211;<strong>20<\/strong>,<\/li>\n<\/ul>\n\n\n\n<p><\/p>\n\n\n\n<h5 class=\"wp-block-heading has-text-color has-link-color wp-elements-15df28e917e66dfd26c90bd694af6b3d\" style=\"color:#14357a\"><strong>Ochrona grunt\u00f3w le\u015bnych i rolnych:&nbsp;<\/strong><\/h5>\n\n\n\n<ul class=\"wp-block-list\">\n<li>wydawanie decyzji na wy\u0142\u0105czenia gruntu z produkcji rolnej b\u0105d\u017a stwierdzenie, i\u017c nie podlegaj\u0105 wy\u0142\u0105czeniu &#8211; <strong>469<\/strong>,<\/li>\n\n\n\n<li>uzgadnianie decyzji o ustaleniu lokalizacji inwestycji celu publicznego oraz decyzji o warunkach zabudowy &#8211; <strong>804<\/strong>,<\/li>\n\n\n\n<li>sporz\u0105dzanie sprawozda\u0144 w zakresie ochrony grunt\u00f3w rolnych i le\u015bnych &#8211; <strong>4<\/strong>.<\/li>\n<\/ul>\n\n\n\n<div style=\"height:50px\" aria-hidden=\"true\" class=\"wp-block-spacer\"><\/div>\n\n\n\n<h3 class=\"wp-block-heading has-text-color has-link-color wp-elements-d179f4de91521a9dc832ab32e421597a\" style=\"color:#14357a\"><strong>Ochrona \u015brodowiska i informacja o \u015brodowisku:&nbsp;<\/strong><\/h3>\n\n\n\n<ul class=\"wp-block-list\">\n<li>udost\u0119pnianie informacji o \u015brodowisku i jego ochronie &#8211; <strong>66<\/strong>,<\/li>\n\n\n\n<li>wydawanie zezwole\u0144 upowa\u017cniaj\u0105cych do uczestnictwa w systemie handlu uprawnieniami do emisji gaz\u00f3w cieplarnianych &#8211; <strong>5<\/strong>,<\/li>\n\n\n\n<li>przyjmowanie informacji o zmianie i wydawanie zezwole\u0144 podmiotom podejmuj\u0105cym realizacj\u0119 instalacji, kt\u00f3re b\u0119d\u0105 wytwarza\u0142y pola elektromagnetyczne &#8211; <strong>33<\/strong>,<\/li>\n\n\n\n<li>przyjmowanie zg\u0142osze\u0144 o instalacjach, z kt\u00f3rych emisja nie wymaga pozwolenia &#8211; <strong>5<\/strong>,<\/li>\n\n\n\n<li>prowadzenie spraw zwi\u0105zanych z ha\u0142asem \u2013 <strong>6<\/strong>,<\/li>\n<\/ul>\n\n\n\n<p><\/p>\n\n\n\n<h5 class=\"wp-block-heading has-text-color has-link-color wp-elements-83dfa136e01c59ac010f71ed1744e7ff\" style=\"color:#14357a\"><strong>Gospodarka le\u015bna:<\/strong><\/h5>\n\n\n\n<ul class=\"wp-block-list\">\n<li>prowadzenie spraw dotycz\u0105cych zmiany u\u017cytku le\u015bnego na u\u017cytek rolny &#8211; <strong>13<\/strong>,<\/li>\n\n\n\n<li>sporz\u0105dzanie sprawozda\u0144 o lasach publicznych (L-01) i sprawozda\u0144 o lasach nale\u017c\u0105cych do os\u00f3b fizycznych (L-03) &#8211; <strong>2<\/strong>,<\/li>\n\n\n\n<li>wydawanie za\u015bwiadcze\u0144 stwierdzaj\u0105cych czy dzia\u0142ka obj\u0119ta jest Uproszczonym Planem Urz\u0105dzenia Lasu lub decyzj\u0105, o kt\u00f3rej mowa w art. 19 ust.3 ustawy o lasach &#8211; <strong>1.468<\/strong>,<\/li>\n\n\n\n<li>wydane \u015bwiadectwa legalno\u015bci pozyskania drewna &#8211; <strong>106<\/strong>,<\/li>\n\n\n\n<li>wydawanie wypis\u00f3w z UPUL-u \u2013 <strong>26<\/strong>,<\/li>\n<\/ul>\n\n\n\n<p><\/p>\n\n\n\n<h5 class=\"wp-block-heading has-text-color has-link-color wp-elements-7a014109e4979f79eccf455a5b6b0935\" style=\"color:#14357a\"><strong>Rybactwo \u015br\u00f3dl\u0105dowe:&nbsp;<\/strong><\/h5>\n\n\n\n<ul class=\"wp-block-list\">\n<li>wydawanie kart w\u0119dkarskich &#8211; <strong>205<\/strong>,<\/li>\n\n\n\n<li>rejestracja sprz\u0119tu p\u0142ywaj\u0105cego REJA24 \u2013 <strong>23<\/strong>,<\/li>\n<\/ul>\n\n\n\n<p><\/p>\n\n\n\n<h5 class=\"wp-block-heading has-text-color has-link-color wp-elements-8aeb141a746103dd203e6d0ffb8c241b\" style=\"color:#14357a\"><strong>Gospodarka \u0142owiecka:&nbsp;<\/strong><\/h5>\n\n\n\n<ul class=\"wp-block-list\">\n<li>wydawanie zezwole\u0144 na posiadanie i hodowl\u0119 chart\u00f3w rasowych lub ich miesza\u0144c\u00f3w \u2013 <strong>2<\/strong>,<\/li>\n\n\n\n<li>Wydawanie zezwole\u0144 na odstrza\u0142 lub od\u0142\u00f3w redukcyjny zwierz\u0105t \u2013 <strong>2,<\/strong><\/li>\n<\/ul>\n\n\n\n<p><\/p>\n\n\n\n<h5 class=\"wp-block-heading has-text-color has-link-color wp-elements-2ecfc6032f512f4a6dfa11942307c317\" style=\"color:#14357a\"><strong>Gospodarka odpadami:<\/strong><\/h5>\n\n\n\n<ul class=\"wp-block-list\">\n<li>wydawanie pozwole\u0144 na wytwarzanie odpad\u00f3w w zwi\u0105zku z prowadzon\u0105&nbsp;dzia\u0142alno\u015bci\u0105 gospodarcz\u0105 &#8211; <strong>2<\/strong>,<\/li>\n\n\n\n<li>wydawanie zezwole\u0144 na zbieranie odpad\u00f3w \u2013 <strong>7<\/strong>,<\/li>\n\n\n\n<li>wydawanie zezwole\u0144 na przetwarzanie odpad\u00f3w \u2013 <strong>1<\/strong>,<\/li>\n<\/ul>\n\n\n\n<p><\/p>\n","protected":false},"excerpt":{"rendered":"<p>Powiat \u017byrardowski, po\u0142o\u017cony w dorzeczu rzek Bzura i Jeziorka, charakteryzuje si\u0119 bogatym i zr\u00f3\u017cnicowanym \u015brodowiskiem przyrodniczym, w kt\u00f3rym znacz\u0105c\u0105 rol\u0119 odgrywaj\u0105 tereny zielone oraz obszary chronione. Znajduj\u0105 si\u0119 tu liczne&#8230;<\/p>\n","protected":false},"author":2,"featured_media":0,"parent":0,"menu_order":0,"comment_status":"closed","ping_status":"closed","template":"","meta":{"footnotes":""},"class_list":["post-570","page","type-page","status-publish","hentry"],"_links":{"self":[{"href":"https:\/\/raport2025.powiat-zyrardowski.pl\/index.php\/wp-json\/wp\/v2\/pages\/570","targetHints":{"allow":["GET"]}}],"collection":[{"href":"https:\/\/raport2025.powiat-zyrardowski.pl\/index.php\/wp-json\/wp\/v2\/pages"}],"about":[{"href":"https:\/\/raport2025.powiat-zyrardowski.pl\/index.php\/wp-json\/wp\/v2\/types\/page"}],"author":[{"embeddable":true,"href":"https:\/\/raport2025.powiat-zyrardowski.pl\/index.php\/wp-json\/wp\/v2\/users\/2"}],"replies":[{"embeddable":true,"href":"https:\/\/raport2025.powiat-zyrardowski.pl\/index.php\/wp-json\/wp\/v2\/comments?post=570"}],"version-history":[{"count":50,"href":"https:\/\/raport2025.powiat-zyrardowski.pl\/index.php\/wp-json\/wp\/v2\/pages\/570\/revisions"}],"predecessor-version":[{"id":2680,"href":"https:\/\/raport2025.powiat-zyrardowski.pl\/index.php\/wp-json\/wp\/v2\/pages\/570\/revisions\/2680"}],"wp:attachment":[{"href":"https:\/\/raport2025.powiat-zyrardowski.pl\/index.php\/wp-json\/wp\/v2\/media?parent=570"}],"curies":[{"name":"wp","href":"https:\/\/api.w.org\/{rel}","templated":true}]}}