{"id":544,"date":"2026-04-24T13:32:36","date_gmt":"2026-04-24T11:32:36","guid":{"rendered":"http:\/\/192.168.2.11\/?page_id=544"},"modified":"2026-05-11T15:34:48","modified_gmt":"2026-05-11T13:34:48","slug":"egzaminy-w-roku-szkolnym-2024-2025","status":"publish","type":"page","link":"https:\/\/raport2025.powiat-zyrardowski.pl\/index.php\/egzaminy-w-roku-szkolnym-2024-2025\/","title":{"rendered":"Egzaminy w roku szkolnym 2024\/2025"},"content":{"rendered":"\n<p>W roku szkolnym 2024\/2025, w szko\u0142ach prowadzonych przez Powiat \u017byrardowski, do egzaminu maturalnego przyst\u0105pi\u0142o 329 absolwent\u00f3w lice\u00f3w i technik\u00f3w. <\/p>\n\n\n\n<p>Matur\u0119 zda\u0142o 283 uczni\u00f3w, co stanowi 86 % og\u00f3\u0142u.<\/p>\n\n\n\n<hr class=\"wp-block-separator has-alpha-channel-opacity\"\/>\n\n\n\n<figure class=\"wp-block-table is-style-stripes\"><table><thead><tr><th>Lp.<\/th><th>Nazwa szko\u0142y<\/th><th>Zaw\u00f3d<\/th><th>Przyst\u0105pi\u0142o do matury<\/th><th>Zda\u0142o matur\u0119<\/th><th>Prawo do poprawki<\/th><th>Zdawalno\u015b\u0107 %<\/th><th>Przyst\u0105pi\u0142o do poprawki<\/th><th>Zda\u0142o poprawk\u0119<\/th><th>Og\u00f3lna zdawalno\u015b\u0107 po poprawkach<\/th><\/tr><\/thead><tbody><tr><td rowspan=\"7\">1.<\/td><td rowspan=\"6\"><strong>Zesp\u00f3\u0142 Szk\u00f3\u0142 nr 1<br>w \u017byrardowie<\/strong><\/td><td>Technik mechatronik<\/td><td>13<\/td><td>11<\/td><td>2<\/td><td>85,00%<\/td><td>2<\/td><td>2<\/td><td>100,00%<\/td><\/tr><tr><td>Tech. odn. \u017ar\u00f3de\u0142 en.<\/td><td>2<\/td><td>2<\/td><td>0<\/td><td>100,00%<\/td><td>&nbsp;<\/td><td>&nbsp;<\/td><td>100,00%<\/td><\/tr><tr><td>Technik elektryk<\/td><td>5<\/td><td>3<\/td><td>2<\/td><td>60,00%<\/td><td>2<\/td><td>1<\/td><td>80,00%<\/td><\/tr><tr><td>Technik informatyk<\/td><td>32<\/td><td>25<\/td><td>5<\/td><td>78,00%<\/td><td>5<\/td><td>4<\/td><td>91,00%<\/td><\/tr><tr><td>Technik logistyk<\/td><td>13<\/td><td>7<\/td><td>2<\/td><td>54,00%<\/td><td>2<\/td><td>2<\/td><td>69,00%<\/td><\/tr><tr><td>Technik fot. i multim.<\/td><td>22<\/td><td>19<\/td><td>3<\/td><td>86,00%<\/td><td>3<\/td><td>2<\/td><td>95,00%<\/td><\/tr><tr><td colspan=\"2\"><strong>Razem<\/strong><\/td><td><strong>87<\/strong><\/td><td><strong>67<\/strong><\/td><td><strong>14<\/strong><\/td><td><strong>77,00%<\/strong><\/td><td><strong>14<\/strong><\/td><td><strong>11<\/strong><\/td><td><strong>90,00%<\/strong><\/td><\/tr><tr><td><\/td><td><\/td><td><\/td><td><\/td><td><\/td><td><\/td><td><\/td><td><\/td><td><\/td><td><\/td><\/tr><tr><td rowspan=\"5\">2.<\/td><td rowspan=\"4\"><strong>Zesp\u00f3\u0142 Szk\u00f3\u0142 nr 2<br>w \u017byrardowie<\/strong><\/td><td>Technik spedytor<\/td><td>2<\/td><td>2<\/td><td>0<\/td><td>100,00%<\/td><td>&nbsp;<\/td><td>&nbsp;<\/td><td>100,00%<\/td><\/tr><tr><td>Technik \u017cywienia i us\u0142. gastronomicznych<\/td><td>7<\/td><td>7<\/td><td>0<\/td><td>100,00%<\/td><td>&nbsp;<\/td><td>&nbsp;<\/td><td>100,00%<\/td><\/tr><tr><td>Technik ekonomista<\/td><td>7<\/td><td>7<\/td><td>0<\/td><td>100,00%<\/td><td>&nbsp;<\/td><td>&nbsp;<\/td><td>100,00%<\/td><\/tr><tr><td>Liceum<\/td><td>33<\/td><td>20<\/td><td>10<\/td><td>61,00%<\/td><td>10<\/td><td>5<\/td><td>76,00%<\/td><\/tr><tr><td colspan=\"2\"><strong>Razem<\/strong><\/td><td><strong>49<\/strong><\/td><td><strong>36<\/strong><\/td><td><strong>10<\/strong><\/td><td><strong>73,00%<\/strong><\/td><td><strong>10<\/strong><\/td><td><strong>5<\/strong><\/td><td><strong>84,00%<\/strong><\/td><\/tr><tr><td><\/td><td><\/td><td><\/td><td><\/td><td><\/td><td><\/td><td><\/td><td><\/td><td><\/td><td><\/td><\/tr><tr><td rowspan=\"4\">3.<\/td><td rowspan=\"3\"><strong>Zesp\u00f3\u0142 Szk\u00f3\u0142 nr 3<br>im. Marii Sk\u0142odowskiej<br>-Curie w Wiskitkach<\/strong><\/td><td>Technik informatyk<\/td><td>22<\/td><td>15<\/td><td>6<\/td><td>68,00%<\/td><td>6<\/td><td>2<\/td><td>77,00%<\/td><\/tr><tr><td>Technik hotelarstwa<\/td><td>13<\/td><td>5<\/td><td>5<\/td><td>38,00%<\/td><td>4<\/td><td>3<\/td><td>62,00%<\/td><\/tr><tr><td>Liceum<\/td><td>37<\/td><td>19<\/td><td>13<\/td><td>51,00%<\/td><td>13<\/td><td>5<\/td><td>65,00%<\/td><\/tr><tr><td colspan=\"2\"><strong>Razem<\/strong><\/td><td><strong>72<\/strong><\/td><td><strong>39<\/strong><\/td><td><strong>24<\/strong><\/td><td><strong>54,00%<\/strong><\/td><td><strong>23<\/strong><\/td><td><strong>10<\/strong><\/td><td><strong>68,00%<\/strong><\/td><\/tr><tr><td><\/td><td><\/td><td><\/td><td><\/td><td><\/td><td><\/td><td><\/td><td><\/td><td><\/td><td><\/td><\/tr><tr><td rowspan=\"5\">4.<\/td><td rowspan=\"4\"><strong>Zesp\u00f3\u0142 Szk\u00f3\u0142<br>w Mszczonowie<\/strong><\/td><td>Technik hotelarstwa<\/td><td>1<\/td><td>1<\/td><td>0<\/td><td>100,00%<\/td><td>&nbsp;<\/td><td>&nbsp;<\/td><td>100,00%<\/td><\/tr><tr><td>Technik ekonomista<\/td><td>8<\/td><td>8<\/td><td>0<\/td><td>100,00%<\/td><td>&nbsp;<\/td><td>&nbsp;<\/td><td>100,00%<\/td><\/tr><tr><td>Technik spedytor<\/td><td>16<\/td><td>13<\/td><td>2<\/td><td>81,00%<\/td><td>2<\/td><td>1<\/td><td>88,00%<\/td><\/tr><tr><td>Technik ogrodnik<\/td><td>4<\/td><td>0<\/td><td>3<\/td><td>0,00%<\/td><td>3<\/td><td>3<\/td><td>75,00%<\/td><\/tr><tr><td colspan=\"2\"><strong>Razem<\/strong><\/td><td><strong>29<\/strong><\/td><td><strong>22<\/strong><\/td><td><strong>5<\/strong><\/td><td><strong>76,00%<\/strong><\/td><td><strong>5<\/strong><\/td><td><strong>4<\/strong><\/td><td><strong>90,00%<\/strong><\/td><\/tr><tr><td><\/td><td><\/td><td><\/td><td><\/td><td><\/td><td><\/td><td><\/td><td><\/td><td><\/td><td><\/td><\/tr><tr><td>5.<\/td><td><strong>Liceum Og\u00f3lnokszta\u0142c\u0105ce im. Szarych Szereg\u00f3w w Mszczonowie<\/strong><\/td><td>Liceum<\/td><td><strong>26<\/strong><\/td><td><strong>23<\/strong><\/td><td><strong>23<\/strong><\/td><td><strong>88,00%<\/strong><\/td><td><strong>3<\/strong><\/td><td><strong>2<\/strong><\/td><td><strong>96,00%<\/strong><\/td><\/tr><tr><td>6.<\/td><td><strong>Liceum Og\u00f3lnokszta\u0142c\u0105ce im. Czes\u0142awa Ta\u0144skiego w Puszczy Maria\u0144skiej<\/strong><\/td><td>Liceum<\/td><td><strong>58<\/strong><\/td><td><strong>53<\/strong><\/td><td><strong>4<\/strong><\/td><td><strong>91,00%<\/strong><\/td><td><strong>4<\/strong><\/td><td><strong>3<\/strong><\/td><td><strong>97,00%<\/strong><\/td><\/tr><tr><td>7.<\/td><td><strong>Liceum Og\u00f3lnokszta\u0142c\u0105ce SMS w Kolarstwie<br>w \u017byrardowie<\/strong><\/td><td>Liceum<\/td><td><strong>8<\/strong><\/td><td><strong>8<\/strong><\/td><td><strong>8<\/strong><\/td><td><strong>100,00%<\/strong><\/td><td>&nbsp;<\/td><td>&nbsp;<\/td><td><strong>100,00%<\/strong><\/td><\/tr><tr><td><\/td><td><\/td><td><\/td><td><strong>329<\/strong><\/td><td><strong>248<\/strong><\/td><td><strong>88<\/strong><\/td><td><strong>75,00%<\/strong><\/td><td><strong>59<\/strong><\/td><td><strong>35<\/strong><\/td><td><strong>86,00%<\/strong><\/td><\/tr><\/tbody><\/table><\/figure>\n\n\n\n<div style=\"height:20px\" aria-hidden=\"true\" class=\"wp-block-spacer\"><\/div>\n\n\n\n<p>Corocznie uczniowie ostatnich klas technik\u00f3w przyst\u0119puj\u0105 do egzamin\u00f3w potwierdzaj\u0105cych kwalifikacje zawodowe. <\/p>\n\n\n\n<p><strong>W roku szkolnym 2024\/2025 wyniki ukszta\u0142towa\u0142y si\u0119 nast\u0119puj\u0105co:<\/strong><\/p>\n\n\n\n<hr class=\"wp-block-separator has-alpha-channel-opacity\"\/>\n\n\n\n<figure class=\"wp-block-table is-style-stripes\"><table><thead><tr><th>Lp.<\/th><th>Nazwa szko\u0142y<\/th><th>Zaw\u00f3d<\/th><th>Liczba uczni\u00f3w uprawnionych do przyst\u0105pienia do egzaminu<\/th><th>Przyst\u0105pi\u0142o do egzaminu<\/th><th>Zda\u0142o cz\u0119\u015b\u0107 teoretyczn\u0105<\/th><th>Zda\u0142o cz\u0119\u015b\u0107 praktyczn\u0105<\/th><th>Otrzyma\u0142o dyplom<\/th><th>Zdawalno\u015b\u0107<\/th><\/tr><\/thead><tbody><tr><td rowspan=\"7\">1.<\/td><td rowspan=\"7\"><strong>Zesp\u00f3\u0142 Szk\u00f3\u0142 nr 1<br>w \u017byrardowie<\/strong><\/td><td>Technik mechatronik<\/td><td>15<\/td><td>15<\/td><td>11<\/td><td>14<\/td><td>11<\/td><td>73%<\/td><\/tr><tr><td>Tech. odn. \u017ar\u00f3de\u0142 en.<\/td><td>5<\/td><td>5<\/td><td>5<\/td><td>2<\/td><td>2<\/td><td>40%<\/td><\/tr><tr><td>Technik elektryk<\/td><td>7<\/td><td>7<\/td><td>6<\/td><td>5<\/td><td>5<\/td><td>71%<\/td><\/tr><tr><td>Technik informatyk<\/td><td>38<\/td><td>38<\/td><td>30<\/td><td>16<\/td><td>16<\/td><td>42%<\/td><\/tr><tr><td>Technik logistyk<\/td><td>20<\/td><td>20<\/td><td>19<\/td><td>15<\/td><td>15<\/td><td>75%<\/td><\/tr><tr><td>Technik fot. i multim.<\/td><td>30<\/td><td>30<\/td><td>29<\/td><td>25<\/td><td>25<\/td><td>83%<\/td><\/tr><tr><td><strong>Razem<\/strong><\/td><td><strong>115<\/strong><\/td><td><strong>115<\/strong><\/td><td><strong>100<\/strong><\/td><td><strong>77<\/strong><\/td><td><strong>74<\/strong><\/td><td><strong>64%<\/strong><\/td><\/tr><tr><td><\/td><td><\/td><td><\/td><td><\/td><td><\/td><td><\/td><td><\/td><td><\/td><td><\/td><\/tr><tr><td rowspan=\"3\">2.<\/td><td rowspan=\"3\"><strong>Zesp\u00f3\u0142 Szk\u00f3\u0142 nr 2 w \u017byrardowie<\/strong><\/td><td>Technik ekonomista<\/td><td>9<\/td><td>9<\/td><td>8<\/td><td>9<\/td><td>8<\/td><td>89%<\/td><\/tr><tr><td>Technik \u017cyw. i us\u0142. gas.<\/td><td>16<\/td><td>16<\/td><td>16<\/td><td>16<\/td><td>16<\/td><td>100%<\/td><\/tr><tr><td><strong>Razem<\/strong><\/td><td><strong>25<\/strong><\/td><td><strong>25<\/strong><\/td><td><strong>24<\/strong><\/td><td><strong>25<\/strong><\/td><td><strong>24<\/strong><\/td><td><strong>96%<\/strong><\/td><\/tr><tr><td><\/td><td><\/td><td><\/td><td><\/td><td><\/td><td><\/td><td><\/td><td><\/td><td><\/td><\/tr><tr><td rowspan=\"3\">3.<\/td><td rowspan=\"3\"><strong>Zesp\u00f3\u0142 Szk\u00f3\u0142 nr 3<br>w Wiskitkach<\/strong><\/td><td>Technik informatyk<\/td><td>22<\/td><td>22<\/td><td>21<\/td><td>14<\/td><td>13<\/td><td>59%<\/td><\/tr><tr><td>Technik hotelarstwa<\/td><td>14<\/td><td>14<\/td><td>13<\/td><td>12<\/td><td>10<\/td><td>71%<\/td><\/tr><tr><td><strong>Razem<\/strong><\/td><td><strong>36<\/strong><\/td><td><strong>36<\/strong><\/td><td><strong>34<\/strong><\/td><td><strong>26<\/strong><\/td><td><strong>23<\/strong><\/td><td><strong>64%<\/strong><\/td><\/tr><tr><td><\/td><td><\/td><td><\/td><td><\/td><td><\/td><td><\/td><td><\/td><td><\/td><td><\/td><\/tr><tr><td rowspan=\"5\">4.<\/td><td rowspan=\"5\"><strong>Zesp\u00f3\u0142 Szk\u00f3\u0142<br>w Mszczonowie<\/strong><\/td><td>Technik hotelarstwa<\/td><td>7<\/td><td>7<\/td><td>7<\/td><td>7<\/td><td>7<\/td><td>100%<\/td><\/tr><tr><td>Technik ekonomista<\/td><td>8<\/td><td>8<\/td><td>8<\/td><td>8<\/td><td>8<\/td><td>100%<\/td><\/tr><tr><td>Technik spedytor<\/td><td>18<\/td><td>18<\/td><td>18<\/td><td>18<\/td><td>18<\/td><td>100%<\/td><\/tr><tr><td>Technik ogrodnik<\/td><td>8<\/td><td>8<\/td><td>6<\/td><td>6<\/td><td>6<\/td><td>75%<\/td><\/tr><tr><td><strong>Razem<\/strong><\/td><td><strong>41<\/strong><\/td><td><strong>41<\/strong><\/td><td><strong>39<\/strong><\/td><td><strong>39<\/strong><\/td><td><strong>39<\/strong><\/td><td><strong>94%<\/strong><\/td><\/tr><tr><td colspan=\"3\"><strong>RAZEM<\/strong><\/td><td><strong>216<\/strong><\/td><td><strong>216<\/strong><\/td><td><strong>196<\/strong><\/td><td><strong>166<\/strong><\/td><td><strong>159<\/strong><\/td><td><strong>74,00%<\/strong><\/td><\/tr><\/tbody><\/table><\/figure>\n\n\n\n<div style=\"height:30px\" aria-hidden=\"true\" class=\"wp-block-spacer\"><\/div>\n\n\n\n<p>W szko\u0142ach prowadzonych przez Powiat \u017byrardowski egzamin \u00f3smoklasisty przeprowadzany by\u0142 tylko w Szkole Podstawowej Specjalnej w Specjalnym O\u015brodku Szkolno \u2013 Wychowawczym im. Marii Grzegorzewskiej w \u017byrardowie. <\/p>\n\n\n\n<p><strong>Wyniki kszta\u0142towa\u0142y si\u0119 na nast\u0119puj\u0105cym poziomie:<\/strong><\/p>\n\n\n\n<ol class=\"wp-block-list\">\n<li>j\u0119zyk polski \u2013 <strong>34%<\/strong><\/li>\n\n\n\n<li>matematyka \u2013 <strong>59%<\/strong><\/li>\n\n\n\n<li>j\u0119zyk angielski \u2013 <strong>60%<\/strong><\/li>\n<\/ol>\n\n\n\n<p><\/p>\n","protected":false},"excerpt":{"rendered":"<p>W roku szkolnym 2024\/2025, w szko\u0142ach prowadzonych przez Powiat \u017byrardowski, do egzaminu maturalnego przyst\u0105pi\u0142o 329 absolwent\u00f3w lice\u00f3w i technik\u00f3w. Matur\u0119 zda\u0142o 283 uczni\u00f3w, co stanowi 86 % og\u00f3\u0142u. Lp. Nazwa&#8230;<\/p>\n","protected":false},"author":2,"featured_media":0,"parent":0,"menu_order":0,"comment_status":"closed","ping_status":"closed","template":"","meta":{"footnotes":""},"class_list":["post-544","page","type-page","status-publish","hentry"],"_links":{"self":[{"href":"https:\/\/raport2025.powiat-zyrardowski.pl\/index.php\/wp-json\/wp\/v2\/pages\/544","targetHints":{"allow":["GET"]}}],"collection":[{"href":"https:\/\/raport2025.powiat-zyrardowski.pl\/index.php\/wp-json\/wp\/v2\/pages"}],"about":[{"href":"https:\/\/raport2025.powiat-zyrardowski.pl\/index.php\/wp-json\/wp\/v2\/types\/page"}],"author":[{"embeddable":true,"href":"https:\/\/raport2025.powiat-zyrardowski.pl\/index.php\/wp-json\/wp\/v2\/users\/2"}],"replies":[{"embeddable":true,"href":"https:\/\/raport2025.powiat-zyrardowski.pl\/index.php\/wp-json\/wp\/v2\/comments?post=544"}],"version-history":[{"count":12,"href":"https:\/\/raport2025.powiat-zyrardowski.pl\/index.php\/wp-json\/wp\/v2\/pages\/544\/revisions"}],"predecessor-version":[{"id":2966,"href":"https:\/\/raport2025.powiat-zyrardowski.pl\/index.php\/wp-json\/wp\/v2\/pages\/544\/revisions\/2966"}],"wp:attachment":[{"href":"https:\/\/raport2025.powiat-zyrardowski.pl\/index.php\/wp-json\/wp\/v2\/media?parent=544"}],"curies":[{"name":"wp","href":"https:\/\/api.w.org\/{rel}","templated":true}]}}