{"id":541,"date":"2026-04-24T13:32:36","date_gmt":"2026-04-24T11:32:36","guid":{"rendered":"http:\/\/192.168.2.11\/?page_id=541"},"modified":"2026-05-08T16:16:01","modified_gmt":"2026-05-08T14:16:01","slug":"geodezja-kartografia-i-kataster","status":"publish","type":"page","link":"https:\/\/raport2025.powiat-zyrardowski.pl\/index.php\/geodezja-kartografia-i-kataster\/","title":{"rendered":"Geodezja, kartografia i kataster"},"content":{"rendered":"\n<h3 class=\"wp-block-heading has-text-color has-link-color wp-elements-1810e7083d733de23b011f5dcfbbf299\" style=\"color:#14357a\"><strong>Zrealizowane zadania Starostwa z zakresu geodezji i kartografii<\/strong><\/h3>\n\n\n\n<p>Na podstawie ustawy z dnia <em>17 maja 1989 r.<\/em> Prawo geodezyjne i kartograficzne (Dz.U. z 2024r. poz.1151) do podstawowych zada\u0144 Wydzia\u0142u w zakresie geodezji i kartografii nale\u017cy:<\/p>\n\n\n\n<ul class=\"wp-block-list\">\n<li>gromadzenie i prowadzenie powiatowej cz\u0119\u015bci Pa\u0144stwowego Zasobu Geodezyjnego i Kartograficznego (PZGiK), w tym prowadzenie i aktualizacja baz danych: Szczeg\u00f3\u0142owej Osnowy Geodezyjnej (BSOG), bazy danych Ewidencji Grunt\u00f3w i Budynk\u00f3w (EGiB), Bazy Danych Obiekt\u00f3w Topograficznych o szczeg\u00f3\u0142owo\u015bci zapewniaj\u0105cej tworzenie standardowych opracowa\u0144 kartograficznych w skalach 1:500 \u2013 1:5000 (BDOT500) i Geodezyjnej Ewidencji Sieci Uzbrojenia Terenu (GESUT),<\/li>\n\n\n\n<li>tworzenie, prowadzenie i udost\u0119pnianie bazy danych EGiB, aktualizacja danych zawartych w bazie EGiB oraz Rejestrze Cen Nieruchomo\u015bci (RCN), wydawanie zawiadomie\u0144 o wprowadzonych zmianach,<\/li>\n\n\n\n<li>prowadzenie post\u0119powa\u0144 administracyjnych w zakresie EGiB oraz gleboznawczej klasyfikacji grunt\u00f3w, a tak\u017ce post\u0119powa\u0144 scaleniowo-wymiennych, wydawanie decyzji, informacji i za\u015bwiadcze\u0144,<\/li>\n\n\n\n<li>udost\u0119pnianie informacji zawartych w bazie EGiB i RCN wraz z ustaleniem op\u0142aty i sporz\u0105dzeniem Dokumentu Obliczenia Op\u0142aty (DOO) i licencji,<\/li>\n\n\n\n<li>sporz\u0105dzanie raport\u00f3w, sprawozda\u0144 i analiz oraz zestawie\u0144 zbiorczych danych obj\u0119tych EGiB,<\/li>\n\n\n\n<li>weryfikacja zgodno\u015bci danych EGiB z danymi zawartymi w ksi\u0119gach wieczystych, PESEL, KRS, TERYT,<\/li>\n\n\n\n<li>przyjmowanie i ewidencjonowanie zg\u0142osze\u0144 prac geodezyjnych i kartograficznych, wydawanie materia\u0142\u00f3w DOO, a w przypadku spor\u00f3w wydawanie&nbsp;decyzji administracyjnej,<\/li>\n\n\n\n<li>przyjmowanie zawiadomie\u0144 o zako\u0144czeniu prac wraz z wymagan\u0105 dokumentacj\u0105, weryfikacja przekazanych materia\u0142\u00f3w stanowi\u0105cych wyniki prac geodezyjnych i kartograficznych&nbsp;pod wzgl\u0119dem zgodno\u015bci z przepisami prawa i kompletno\u015bci, sporz\u0105dzanie&nbsp;protoko\u0142\u00f3w,&nbsp;decydowanie o przyj\u0119ciu materia\u0142\u00f3w do zasobu&nbsp;lub stwierdzanie uchybie\u0144 i nieprawid\u0142owo\u015bci, podejmowanie decyzji o odmowie przyj\u0119cia do zasobu, potwierdzanie przyj\u0119cia prac do PZGiK poprzez wpisanie do ewidencji materia\u0142\u00f3w&nbsp;zasobu oraz aktualizacja baz danych PZGiK,<\/li>\n\n\n\n<li>opatrywanie klauzul\u0105 dokument\u00f3w opracowanych na podstawie wykonanych prac na potrzeby post\u0119powa\u0144 administracyjnych, s\u0105dowych lub czynno\u015bci cywilnoprawnych oraz wydawanie DOO i nadawanie stosownych klauzul,<\/li>\n\n\n\n<li>zwracanie wykonawcom prac przekazanych przez nich materia\u0142\u00f3w w przypadku negatywnego wyniku weryfikacji i prowadzenie post\u0119powania w tym zakresie i przygotowanie decyzji administracyjnych o odmowie przyj\u0119cia materia\u0142\u00f3w do zasobu,<\/li>\n\n\n\n<li>udost\u0119pnianie materia\u0142\u00f3w i informacji oraz baz danych PZGiK, a tak\u017ce standardowych opracowa\u0144 kartograficznych na wniosek jednostek samorz\u0105du terytorialnego, innych jednostek organizacyjnych, os\u00f3b fizycznych i prawnych wraz z ustaleniem op\u0142aty, sporz\u0105dzeniem DOO i stosownej licencji,<\/li>\n\n\n\n<li>koordynacja usytuowania projektowanych sieci uzbrojenia terenu, weryfikacja dokumentacji projektowej sk\u0142adanej do zaopiniowania w zakresie kompletno\u015bci, zgodno\u015bci z wnioskiem i oceny prawid\u0142owo\u015bci za\u0142\u0105cznik\u00f3w graficznych, udzielanie konsultacji dotycz\u0105cych koordynowanych projekt\u00f3w,<\/li>\n\n\n\n<li>sporz\u0105dzanie protoko\u0142\u00f3w z narady koordynacyjnej i umieszczenie stosownej adnotacji na dokumentacji projektowej oraz rejestrowanie w bazie danych skoordynowanych lokalizacji projektowanych sieci uzbrojenia terenu,<\/li>\n\n\n\n<li>inne czynno\u015bci organizacyjno-techniczne i administracyjne zwi\u0105zane z obs\u0142ug\u0105 procedury uzgadniania sytuowania projektowanych sieci uzbrojenia terenu,<\/li>\n\n\n\n<li>kompleksowa obs\u0142uga interesant\u00f3w, w tym geodet\u00f3w uprawnionych i rzeczoznawc\u00f3w maj\u0105tkowych,<\/li>\n\n\n\n<li>przygotowywanie dokument\u00f3w&nbsp;i plik\u00f3w cyfrowych niezb\u0119dnych dla wykonawc\u00f3w prac geodezyjnych i kartograficznych oraz weryfikacja wynik\u00f3w prac w zakresie zgodno\u015bci z bazami danych przekazanych plik\u00f3w, stanowi\u0105cych podstaw\u0119 zmian w tych bazach,<\/li>\n\n\n\n<li>przygotowywanie materia\u0142\u00f3w i informacji oraz baz danych PZGiK, a tak\u017ce standardowych opracowa\u0144 kartograficznych na wniosek jednostek samorz\u0105du terytorialnego, innych jednostek organizacyjnych, os\u00f3b fizycznych i prawnych oraz rzeczoznawc\u00f3w maj\u0105tkowych,<\/li>\n\n\n\n<li>przetwarzanie materia\u0142\u00f3w przyj\u0119tych do zasobu w postaci analogowej do postaci cyfrowej,<\/li>\n\n\n\n<li>przyjmowanie zawiadomie\u0144 i prowadzenie post\u0119powania w zakresie ochrony znak\u00f3w geodezyjnych,<\/li>\n\n\n\n<li>przygotowywanie projekt\u00f3w decyzji, pism, informacji&nbsp;i za\u015bwiadcze\u0144,<\/li>\n\n\n\n<li>sporz\u0105dzanie raport\u00f3w, sprawozda\u0144 i analiz oraz zestawie\u0144 zbiorczych w zakresie dzia\u0142ania,<\/li>\n\n\n\n<li>wnioskowanie i udzia\u0142 w tworzeniu projekt\u00f3w i przygotowanie warunk\u00f3w technicznych w celu realizacji projekt\u00f3w i zada\u0144 przez podmioty zewn\u0119trzne,<\/li>\n\n\n\n<li>wnioskowanie i udzia\u0142 w pracach zwi\u0105zanych z wy\u0142\u0105czaniem materia\u0142\u00f3w z PZGiK, kt\u00f3re utraci\u0142y warto\u015b\u0107 u\u017cytkow\u0105.<\/li>\n<\/ul>\n\n\n\n<p><\/p>\n\n\n\n<h5 class=\"wp-block-heading has-text-color has-link-color wp-elements-be9bae887d9c01952dc3f7b88c27e938\" style=\"color:#14357a\"><strong>Obs\u0142uga Wykonawc\u00f3w Geodezyjnych i Kartograficznych:<\/strong><\/h5>\n\n\n\n<ul class=\"wp-block-list\">\n<li>obs\u0142uga zg\u0142osze\u0144 prac geodezyjnych i kartograficznych &#8211; liczba zg\u0142osze\u0144 prac geodezyjnych (elektronicznych) &#8211; <strong>4437<\/strong>,<\/li>\n\n\n\n<li>weryfikacja wynik\u00f3w prac geodezyjnych &#8211; ilo\u015b\u0107 (elektronicznych) protoko\u0142\u00f3w weryfikacji -w tym:\n<ul class=\"wp-block-list\">\n<li>pozytywnych &#8211;\u00a0<strong>4258<\/strong>,<\/li>\n<\/ul>\n<\/li>\n\n\n\n<li>negatywnych &#8211; <strong>1657<\/strong>,<\/li>\n\n\n\n<li>liczba operat\u00f3w technicznych (elektronicznych) przyj\u0119tych do zasobu w 2024 roku \u2013\u00a0<strong>4255<\/strong>,<\/li>\n\n\n\n<li>inne czynno\u015bci kancelaryjne (w tym: nadanie identyfikatora ewidencyjnego materia\u0142u zasobu, opatrzenie klauzul\u0105 dokument\u00f3w dla podmiotu, na rzecz kt\u00f3rego wykonawca prac geodezyjnych wykona\u0142 prace geodezyjne) \u2013 ilo\u015b\u0107 spraw &#8211; <strong>4610<\/strong>,<\/li>\n\n\n\n<li>Liczba zrealizowanych wniosk\u00f3w w zakresie dost\u0119pu do aplikacji GEO-INFOi.Kerg &#8211; <strong>98<\/strong>.<\/li>\n<\/ul>\n\n\n\n<p><\/p>\n\n\n\n<h5 class=\"wp-block-heading has-text-color has-link-color wp-elements-61d4b10af58d93641635119bdb69aa5e\" style=\"color:#14357a\"><strong>Obs\u0142uga w zakresie koordynacji sieci uzbrojenia terenu:<\/strong><\/h5>\n\n\n\n<ul class=\"wp-block-list\">\n<li>prowadzenie narad koordynacyjnych &#8211; liczba narad\u00a0<strong>567<\/strong>,<\/li>\n\n\n\n<li>liczba wydanych protoko\u0142\u00f3w &#8211;\u00a0<strong>567<\/strong>,<\/li>\n\n\n\n<li>liczba wprowadzonych projekt\u00f3w \u2013\u00a0<strong>567<\/strong>,<\/li>\n\n\n\n<li>Liczba zrealizowanych wniosk\u00f3w w zakresie dost\u0119pu do aplikacji GEO-INFOi. Projektant \u2013 <strong>94<\/strong>,<\/li>\n\n\n\n<li>Liczba zrealizowanych wniosk\u00f3w w zakresie dost\u0119pu do aplikacji GEO-INFO i. Narady \u2013 <strong>29<\/strong>.<\/li>\n<\/ul>\n\n\n\n<p><\/p>\n\n\n\n<h5 class=\"wp-block-heading has-text-color has-link-color wp-elements-a9ce8576e164b98e89f699dc196268a3\" style=\"color:#14357a\"><strong>Obs\u0142uga &#8211; Zam\u00f3wienia Powszechne \u2013 Udost\u0119pnianie danych z baz danych EGiB, BDOT500, GESUT, BDSOG oraz materia\u0142\u00f3w PZGiK:<\/strong><\/h5>\n\n\n\n<ul class=\"wp-block-list\">\n<li>liczba wydanych wypis\u00f3w z ewidencji grunt\u00f3w i budynk\u00f3w:\n<ul class=\"wp-block-list\">\n<li>\u00a0wszystkich \u2013 <strong>27053<\/strong>,<\/li>\n\n\n\n<li>\u00a0w postaci elektronicznej \u2013 <strong>11488<\/strong>,<\/li>\n<\/ul>\n<\/li>\n\n\n\n<li>&nbsp;liczba wydanych wyrys\u00f3w z ewidencji grunt\u00f3w i budynk\u00f3w:\n<ul class=\"wp-block-list\">\n<li>wszystkich \u2013\u00a0<strong>4468<\/strong>,<\/li>\n\n\n\n<li>w postaci elektronicznej \u2013<strong>\u00a0167<\/strong>,<\/li>\n<\/ul>\n<\/li>\n\n\n\n<li>liczba udost\u0119pnie\u0144 mapy ewidencyjnej \u2013\u00a0<strong>531<\/strong>,\n<ul class=\"wp-block-list\">\n<li>w postaci elektronicznej \u2013 <strong>186<\/strong>,<\/li>\n<\/ul>\n<\/li>\n\n\n\n<li>liczba udost\u0119pnie\u0144 mapy zasadniczej:\n<ul class=\"wp-block-list\">\n<li>wszystkich \u2013 <strong>3915<\/strong>,<\/li>\n\n\n\n<li>w postaci elektronicznej \u2013\u00a0<strong>1451<\/strong>,<\/li>\n<\/ul>\n<\/li>\n\n\n\n<li>liczba wniosk\u00f3w o udost\u0119pnienia materia\u0142\u00f3w zasobu \u2013\u00a0<strong>4878<\/strong>.<\/li>\n<\/ul>\n\n\n\n<p><\/p>\n\n\n\n<h5 class=\"wp-block-heading has-text-color has-link-color wp-elements-9d6760d87fe6c5de1d340188f549c5b6\" style=\"color:#14357a\"><strong>Dokumenty Obliczenia Op\u0142aty DOO:<\/strong><\/h5>\n\n\n\n<ul class=\"wp-block-list\">\n<li>liczba wystawionych i op\u0142aconych dokument\u00f3w obliczenia op\u0142aty DOO \u2013 <strong>19406<\/strong>.<\/li>\n<\/ul>\n\n\n\n<p><\/p>\n\n\n\n<h5 class=\"wp-block-heading has-text-color has-link-color wp-elements-54b15a28815a17d50a54b652aaba4c6f\" style=\"color:#14357a\"><strong>Obs\u0142uga w zakresie prowadzenia baz EGIB, BDOT 500, GESUT, BDSOG:<\/strong><\/h5>\n\n\n\n<ul class=\"wp-block-list\">\n<li>liczba zmian wprowadzonych w ewidencji grunt\u00f3w i budynk\u00f3w (EGiB) w cz\u0119\u015bci opisowej i graficznej \u2013\u00a0<strong>8359<\/strong>,<\/li>\n\n\n\n<li>przygotowanie i wys\u0142anie zawiadomie\u0144 o wprowadzonych zmianach w bazie EGiB \u2013 ilo\u015b\u0107 zmian\u00a0<strong>5215<\/strong>,<\/li>\n\n\n\n<li>liczba wprowadzonych zmian w pozosta\u0142ych bazach \u2013 <strong>2863<\/strong>.<\/li>\n<\/ul>\n\n\n\n<p><\/p>\n\n\n\n<h5 class=\"wp-block-heading has-text-color has-link-color wp-elements-9a4ca36443615b29b6098a552b85a493\" style=\"color:#14357a\"><strong>Obs\u0142uga w zakresie prowadzenia Rejestru Cen Nieruchomo\u015bci:<\/strong><\/h5>\n\n\n\n<ul class=\"wp-block-list\">\n<li>liczba transakcji wprowadzonych do rejestru RCN \u2013\u00a0<strong>1416<\/strong>,<\/li>\n\n\n\n<li>liczba wniosk\u00f3w o udost\u0119pnienie danych z rejestru cen nieruchomo\u015bci<strong>\u00a0\u2013 306<\/strong>,<\/li>\n\n\n\n<li>Liczba zrealizowanych wniosk\u00f3w w zakresie dost\u0119pu do aplikacji GEO-INFOi. Rzeczoznawca \u2013 <strong>58.<\/strong><\/li>\n<\/ul>\n\n\n\n<p><\/p>\n\n\n\n<h5 class=\"wp-block-heading has-text-color has-link-color wp-elements-7d6cc26b77b69e3e3ed24932dc8ee612\" style=\"color:#14357a\"><strong>Post\u0119powania administracyjne:<\/strong><\/h5>\n\n\n\n<ul class=\"wp-block-list\">\n<li>\u00a0liczba wydanych decyzji administracyjnych w sprawach zwi\u0105zanych z ewidencj\u0105 grunt\u00f3w i budynk\u00f3w \u2013 <strong>5<\/strong>,<\/li>\n\n\n\n<li>liczba wydanych decyzji administracyjnych w sprawach zwi\u0105zanych z gleboznawcz\u0105 klasyfikacj\u0105 grunt\u00f3w \u2013 <strong>27<\/strong>,\u00a0<\/li>\n\n\n\n<li>liczba decyzjiadministracyjnych w przypadku sporu dotycz\u0105cego zakresu udost\u0119pnianych materia\u0142\u00f3w zasobu lub wysoko\u015bci nale\u017cnej op\u0142aty \u2013\u00a0<strong>10<\/strong>,<\/li>\n\n\n\n<li>liczba wydanych postanowie\u0144 \u2013\u00a0<strong>9,<\/strong><\/li>\n\n\n\n<li>liczba wydanych za\u015bwiadcze\u0144 \u2013\u00a0<strong>102,<\/strong><\/li>\n\n\n\n<li>liczba udzielonych odpowiedzi, wyja\u015bnie\u0144, informacji w sprawach obj\u0119tych EGIB \u2013\u00a0<strong>745<\/strong>.<\/li>\n<\/ul>\n\n\n\n<p><\/p>\n\n\n\n<h5 class=\"wp-block-heading has-text-color has-link-color wp-elements-86ef0a3fd58a9f90e359276d18afab6a\" style=\"color:#14357a\"><strong>Modernizacja ewidencji grunt\u00f3w i budynk\u00f3w:<\/strong><\/h5>\n\n\n\n<ul class=\"wp-block-list\">\n<li>wprowadzenie wynik\u00f3w modernizacji \u2013 danych ewidencyjnych \u2013 ilo\u015b\u0107 obr\u0119b\u00f3w\u00a0<strong>17<\/strong>.<\/li>\n<\/ul>\n\n\n\n<p><\/p>\n\n\n\n<h5 class=\"wp-block-heading has-text-color has-link-color wp-elements-fd0682fb42c5a4746bd2cc858e9aaaa1\" style=\"color:#14357a\"><strong>Inne czynno\u015bci z zakresu geodezji i kartografii:<\/strong><\/h5>\n\n\n\n<ul class=\"wp-block-list\">\n<li>sprawozdawczo\u015b\u0107 do WINGIK, GUGIK, inne (sprawozdania, zestawienia, ankiety) \u2013 ilo\u015b\u0107 spraw \u2013 <strong>83<\/strong>,<\/li>\n\n\n\n<li>udzielanie pisemnych wyja\u015bnie\u0144 i informacji dotycz\u0105cych PZGiK \u2013 ilo\u015b\u0107 spraw \u2013 <strong>19<\/strong>,<\/li>\n\n\n\n<li>Wykonanie kopii baz danych (zewn\u0119trzne tj. przechowywanych\u00a0w innym budynku oraz przekazywanych do WINGIK) \u2013 ilo\u015b\u0107 spraw\u00a0<strong>51<\/strong>.<\/li>\n<\/ul>\n\n\n\n<p><\/p>\n\n\n\n<p>Wp\u0142ywy do bud\u017cetu Starostwa w 2025 roku z udost\u0119pniania map, danych z ewidencji grunt\u00f3w i budynk\u00f3w oraz innych materia\u0142\u00f3w i informacji z zasob\u00f3w powiatowych, a tak\u017ce z op\u0142at za czynno\u015bci zwi\u0105zane z prowadzeniem tych zasob\u00f3w i uzgadnianiem usytuowania projektowanych sieci uzbrojenia terenu (art. 41b ust. 2 ustawy Prawo geodezyjne i kartograficzne), z kt\u00f3rych finansowane s\u0105 zadania zwi\u0105zane z gromadzeniem, aktualizacj\u0105, uzupe\u0142nianiem, udost\u0119pnianiem i zabezpieczaniem zasobu geodezyjnego i kartograficznego oraz wy\u0142\u0105czaniem materia\u0142\u00f3w z zasobu \u2013 <strong>2 092 102,34<\/strong> z\u0142.<\/p>\n\n\n\n<h4 class=\"wp-block-heading has-text-color has-link-color wp-elements-14fc7383a31fe7d0afaa18ba35065378\" style=\"color:#14357a\"><strong>Realizacja um\u00f3w na zadania z zakresu geodezji&nbsp;i kartografii:<\/strong><strong>&nbsp;<\/strong><\/h4>\n\n\n\n<h5 class=\"wp-block-heading has-text-color has-link-color wp-elements-665604a2187bd3e91e007a8917acb327\" style=\"color:#14357a\">Zrealizowano nast\u0119puj\u0105ce zadania z zakresu geodezji i kartografii:<\/h5>\n\n\n\n<p>W bazie danych ewidencji grunt\u00f3w i budynk\u00f3w ujawniono dane modernizacji ewidencji grunt\u00f3w i budynk\u00f3w dla dw\u00f3ch um\u00f3w, kt\u00f3rych finansowanie zosta\u0142o zako\u0144czone w 2024 roku:<\/p>\n\n\n\n<p>I<strong>.<\/strong> Umowa ZP.273.67.2023 z dnia <em>06 czerwca 2023 r<\/em>. \u2013 \u201eModernizacja ewidencji grunt\u00f3w i budynk\u00f3w w jednostce ewidencyjnej 143803_2 Gmina Puszcza Maria\u0144ska dla cz\u0119\u015bci 1\u201d:<\/p>\n\n\n\n<p><strong>Cz\u0119\u015b\u0107 1<\/strong><\/p>\n\n\n\n<ol class=\"wp-block-list\">\n<li>143803_2.0002 Bartniki,<\/li>\n\n\n\n<li>143803_2.0005 Budy Ka\u0142ki,<\/li>\n\n\n\n<li>143803_2.0007 Budy Zaklasztorne,<\/li>\n\n\n\n<li>143803_2.0009 D\u0142ugok\u0105ty,<\/li>\n\n\n\n<li>143803_2.0012 Grabina Radziwi\u0142\u0142owska,<\/li>\n\n\n\n<li>143803_2.0019 Micha\u0142\u00f3w,<\/li>\n\n\n\n<li>143803_2.0028 Radziwi\u0142\u0142\u00f3w.<\/li>\n<\/ol>\n\n\n\n<p>II<strong>.<\/strong> Umowa ZP.273.68.2023 z dnia <em>06 czerwca 2023 r.<\/em> \u2013 \u201eModernizacja ewidencji grunt\u00f3w i budynk\u00f3w w jednostce ewidencyjnej 143803_2 Gmina Puszcza Maria\u0144ska dla cz\u0119\u015bci 2\u201d:<\/p>\n\n\n\n<p><strong>Cz\u0119\u015b\u0107 2<\/strong><\/p>\n\n\n\n<ol class=\"wp-block-list\">\n<li>143803_2.0004 Biernik Towarzystwo,<\/li>\n\n\n\n<li>143803_2.0010 Emilian\u00f3w,<\/li>\n\n\n\n<li>143803_2.0014 Kamion,<\/li>\n\n\n\n<li>143803_2.0017 Lisowola,<\/li>\n\n\n\n<li>143803_2.0023 Nowy Karolin\u00f3w,<\/li>\n\n\n\n<li>143803_2.0029 Sapy,<\/li>\n\n\n\n<li>143803_2.0031 Stary Karolin\u00f3w,<\/li>\n\n\n\n<li>143803_2.0036 Wincent\u00f3w,<\/li>\n\n\n\n<li>143803_2.0038 Wycze\u015bniak,<\/li>\n\n\n\n<li>143803_2.0039 Wygoda.<\/li>\n<\/ol>\n\n\n\n<p>Zako\u0144czono realizacj\u0119 za\u0142o\u017cenia bazy BDOT 500 i GESUT, kt\u00f3rych realizacja rozpocz\u0119ta by\u0142a w 2024 roku:<\/p>\n\n\n\n<ul class=\"wp-block-list\">\n<li>Umowa nr ZP.273.86.2024 zawarta w dniu<em>10 wrze\u015bnia 2024<\/em> roku w przedmiocie zam\u00f3wienia \u201eZa\u0142o\u017cenie powiatowej bazy danych geodezyjnej sieci uzbrojenia terenu oraz bazy danych obiekt\u00f3w topograficznych na terenie jednostki ewidencyjnej 143805_4 &#8211; Wiskitki-miasto\u201d,<\/li>\n\n\n\n<li>Umowa nr ZP.273.67.2024 zawarta w dniu <em>30 lipca 2024 <\/em>roku w przedmiocie zam\u00f3wienia \u201eZa\u0142o\u017cenie powiatowej bazy danych geodezyjnej sieci uzbrojenia terenu oraz bazy danych obiekt\u00f3w topograficznych na terenie jednostki ewidencyjnej 143804_2 &#8211; Radziejowice\u201d,<\/li>\n\n\n\n<li>Umowa nr ZP.273.128.2024 zawarta w dniu <em>31 grudnia 202<\/em>4 w przedmiocie zam\u00f3wienia \u201eZa\u0142o\u017cenie powiatowej bazy danych geodezyjnej sieci uzbrojenia terenu oraz bazy danych obiekt\u00f3w topograficznych na terenie jednostki ewidencyjnej 143805_5-Wiskitki-obszar wiejski\u201d.<\/li>\n<\/ul>\n\n\n\n<p><\/p>\n\n\n\n<h5 class=\"wp-block-heading has-text-color has-link-color wp-elements-a83917e1f8e3720e17399da8495becd4\" style=\"color:#14357a\">Ponadto zrealizowano m.in.:<\/h5>\n\n\n\n<ul class=\"wp-block-list\">\n<li>Umow\u0119 rozszerzenia wdro\u017conego kompleksowego systemu informatycznego do obs\u0142ugi i\u00a0prowadzenia powiatowego zasobu geodezyjnego i kartograficznego o nowy modu\u0142 funkcyjny GEO-INFO Administrator \u2013 Umowa ZP.273.114.2025 z dnia <em>11.06.2025<\/em>,<\/li>\n\n\n\n<li>Utworzono us\u0142ug\u0119 WFS dla bazy BDOT500,<\/li>\n\n\n\n<li>Wykonano us\u0142ug\u0119 instalacji wersji 64 bit SIP GEO-INFO Umowa ZP.273.165.2024 z dnia <em>31.12.2024<\/em>,<\/li>\n\n\n\n<li>W celu zwi\u0119kszenia wydajno\u015bci baz danych\u00a0zmodernizowano programowanie do obs\u0142ugi baz danych &#8211; Umowa Nr ZP.273.106.2025 z dnia <em>17.10.2025<\/em> roku.<\/li>\n<\/ul>\n\n\n\n<p><\/p>\n","protected":false},"excerpt":{"rendered":"<p>Zrealizowane zadania Starostwa z zakresu geodezji i kartografii Na podstawie ustawy z dnia 17 maja 1989 r. Prawo geodezyjne i kartograficzne (Dz.U. z 2024r. poz.1151) do podstawowych zada\u0144 Wydzia\u0142u w&#8230;<\/p>\n","protected":false},"author":2,"featured_media":0,"parent":0,"menu_order":0,"comment_status":"closed","ping_status":"closed","template":"","meta":{"footnotes":""},"class_list":["post-541","page","type-page","status-publish","hentry"],"_links":{"self":[{"href":"https:\/\/raport2025.powiat-zyrardowski.pl\/index.php\/wp-json\/wp\/v2\/pages\/541","targetHints":{"allow":["GET"]}}],"collection":[{"href":"https:\/\/raport2025.powiat-zyrardowski.pl\/index.php\/wp-json\/wp\/v2\/pages"}],"about":[{"href":"https:\/\/raport2025.powiat-zyrardowski.pl\/index.php\/wp-json\/wp\/v2\/types\/page"}],"author":[{"embeddable":true,"href":"https:\/\/raport2025.powiat-zyrardowski.pl\/index.php\/wp-json\/wp\/v2\/users\/2"}],"replies":[{"embeddable":true,"href":"https:\/\/raport2025.powiat-zyrardowski.pl\/index.php\/wp-json\/wp\/v2\/comments?post=541"}],"version-history":[{"count":31,"href":"https:\/\/raport2025.powiat-zyrardowski.pl\/index.php\/wp-json\/wp\/v2\/pages\/541\/revisions"}],"predecessor-version":[{"id":2577,"href":"https:\/\/raport2025.powiat-zyrardowski.pl\/index.php\/wp-json\/wp\/v2\/pages\/541\/revisions\/2577"}],"wp:attachment":[{"href":"https:\/\/raport2025.powiat-zyrardowski.pl\/index.php\/wp-json\/wp\/v2\/media?parent=541"}],"curies":[{"name":"wp","href":"https:\/\/api.w.org\/{rel}","templated":true}]}}