{"id":311,"date":"2026-02-17T12:42:28","date_gmt":"2026-02-17T11:42:28","guid":{"rendered":"http:\/\/192.168.2.10\/?page_id=311"},"modified":"2026-05-08T11:48:22","modified_gmt":"2026-05-08T09:48:22","slug":"powiatowe-jednostki-organizacyjne","status":"publish","type":"page","link":"https:\/\/raport2025.powiat-zyrardowski.pl\/index.php\/powiatowe-jednostki-organizacyjne\/","title":{"rendered":"Powiatowe jednostki organizacyjne"},"content":{"rendered":"\n<h2 class=\"wp-block-heading has-text-align-center has-text-color has-link-color has-medium-font-size wp-elements-fc11588c6c399990f5c2e2c0701e62f3\" style=\"color:#14357a;line-height:2\">STAROSTWO POWIATOWE<\/h2>\n\n\n\n<h4 class=\"wp-block-heading has-text-color has-link-color has-medium-font-size wp-elements-4adbf189c95515b4e62db001bd2dc1ab\" style=\"color:#14357a\">Dokumenty reguluj\u0105ce prac\u0119 Powiatu i Starostwa:<\/h4>\n\n\n\n<ul class=\"wp-block-list\">\n<li><strong>Statut Powiatu \u017byrardowskiego<\/strong><br>Statut przyj\u0119ty Uchwa\u0142\u0105 Nr VII\/36\/15 Rady Powiatu \u017byrardowskiego z dnia 20 maja 2015 r. (Dz. Urz. Woj. Maz. z 2015 r., poz. 4887) z p\u00f3\u017an. zm.<br>W 2020 r. og\u0142oszono tekst jednolity Statutu Uchwa\u0142\u0105 Nr XVII\/103\/20 Rady Powiatu \u017byrardowskiego z dnia 30 czerwca 2020 r.<\/li>\n\n\n\n<li><strong>Regulamin Organizacyjny Starostwa Powiatowego<\/strong><br>Regulamin Organizacyjny Starostwa Powiatowego w \u017byrardowie przyj\u0119ty Uchwa\u0142\u0105 Nr 78\/XIX\/24 Zarz\u0105du Powiatu \u017byrardowskiego z dnia 5 listopada 2024 r.&nbsp;<\/li>\n\n\n\n<li><strong>Regulamin Pracy Starostwa Powiatowego<\/strong><br>Regulamin Pracy Starostwa Powiatowego w \u017byrardowie przyj\u0119ty Zarz\u0105dzeniem Nr 22\/09 Starosty Powiatu \u017byrardowskiego z dnia 29 czerwca 2009 r.<\/li>\n<\/ul>\n\n\n\n<div style=\"height:20px\" aria-hidden=\"true\" class=\"wp-block-spacer\"><\/div>\n\n\n\n<h4 class=\"wp-block-heading has-text-color has-link-color has-medium-font-size wp-elements-e3e7b277bf6a77f2114519fbb57da30e\" style=\"color:#14357a\">Zatrudnienie w Starostwie Powiatowym w 2025 r.<\/h4>\n\n\n\n<hr class=\"wp-block-separator has-alpha-channel-opacity\"\/>\n\n\n\n<figure class=\"wp-block-table is-style-stripes\"><table class=\"has-white-background-color has-background has-fixed-layout\"><thead><tr><th class=\"has-text-align-center\" data-align=\"center\"><strong>WYSZCZEG\u00d3LNIENIE<\/strong><\/th><th class=\"has-text-align-center\" data-align=\"center\"><strong>LICZBA PRACOWNIK\u00d3W<\/strong><\/th><\/tr><\/thead><tbody><tr><td class=\"has-text-align-center\" data-align=\"center\">Zatrudnieni og\u00f3\u0142em<\/td><td class=\"has-text-align-center\" data-align=\"center\">136<\/td><\/tr><tr><td class=\"has-text-align-center\" data-align=\"center\">Pe\u0142nozatrudnieni<\/td><td class=\"has-text-align-center\" data-align=\"center\">122<\/td><\/tr><tr><td class=\"has-text-align-center\" data-align=\"center\">Niepe\u0142nozatrudnieni<\/td><td class=\"has-text-align-center\" data-align=\"center\">14<\/td><\/tr><tr><td class=\"has-text-align-center\" data-align=\"center\">Przyj\u0119ci do pracy w 2025 r.<\/td><td class=\"has-text-align-center\" data-align=\"center\">17<\/td><\/tr><tr><td class=\"has-text-align-center\" data-align=\"center\">Rozwi\u0105zanie stosunku pracy w 2025 r.<\/td><td class=\"has-text-align-center\" data-align=\"center\">9<\/td><\/tr><\/tbody><\/table><\/figure>\n\n\n\n<h2 class=\"wp-block-heading has-text-align-center has-text-color has-link-color has-medium-font-size wp-elements-c29eb8b595fcee1112d3a1c08b5e1fab\" style=\"color:#14357a;line-height:2\">&nbsp;<br>JEDNOSTKI ORGANIZACYJNE POWIATU<\/h2>\n\n\n\n<ul class=\"wp-block-list\">\n<li><strong>Zesp\u00f3\u0142 Szk\u00f3\u0142 w Mszczonowie<\/strong><br>Mszczon\u00f3w, ul. \u0141ugowa 13<br>Dyrektor:&nbsp;Dorota Pow\u0105zka<br><img loading=\"lazy\" decoding=\"async\" width=\"150\" height=\"30\" class=\"wp-image-951\" style=\"width: 150px;\" src=\"https:\/\/raport2025.powiat-zyrardowski.pl\/wp-content\/uploads\/2026\/04\/linia-2.png\" alt=\"\" srcset=\"https:\/\/raport2025.powiat-zyrardowski.pl\/wp-content\/uploads\/2026\/04\/linia-2.png 1000w, https:\/\/raport2025.powiat-zyrardowski.pl\/wp-content\/uploads\/2026\/04\/linia-2-300x60.png 300w, https:\/\/raport2025.powiat-zyrardowski.pl\/wp-content\/uploads\/2026\/04\/linia-2-768x154.png 768w\" sizes=\"auto, (max-width: 150px) 100vw, 150px\" \/><\/li>\n\n\n\n<li><strong>Zesp\u00f3\u0142 Szk\u00f3\u0142 nr 3 im. Marii Sk\u0142odowskiej-Curie w Wiskitkach<\/strong><br>Wiskitki, ul. Ko\u015bciuszki 25<br>Dyrektor: Anna Smolarek<br><img loading=\"lazy\" decoding=\"async\" width=\"150\" height=\"30\" class=\"wp-image-951\" style=\"width: 150px;\" src=\"https:\/\/raport2025.powiat-zyrardowski.pl\/wp-content\/uploads\/2026\/04\/linia-2.png\" alt=\"\" srcset=\"https:\/\/raport2025.powiat-zyrardowski.pl\/wp-content\/uploads\/2026\/04\/linia-2.png 1000w, https:\/\/raport2025.powiat-zyrardowski.pl\/wp-content\/uploads\/2026\/04\/linia-2-300x60.png 300w, https:\/\/raport2025.powiat-zyrardowski.pl\/wp-content\/uploads\/2026\/04\/linia-2-768x154.png 768w\" sizes=\"auto, (max-width: 150px) 100vw, 150px\" \/><\/li>\n\n\n\n<li><strong>Zesp\u00f3\u0142 Szk\u00f3\u0142 Nr 1 w \u017byrardowie<\/strong><br>\u017byrard\u00f3w, ul. Bohater\u00f3w Warszawy 4<br>Dyrektor: Barbara Gruchal<br><img loading=\"lazy\" decoding=\"async\" width=\"150\" height=\"30\" class=\"wp-image-951\" style=\"width: 150px;\" src=\"https:\/\/raport2025.powiat-zyrardowski.pl\/wp-content\/uploads\/2026\/04\/linia-2.png\" alt=\"\" srcset=\"https:\/\/raport2025.powiat-zyrardowski.pl\/wp-content\/uploads\/2026\/04\/linia-2.png 1000w, https:\/\/raport2025.powiat-zyrardowski.pl\/wp-content\/uploads\/2026\/04\/linia-2-300x60.png 300w, https:\/\/raport2025.powiat-zyrardowski.pl\/wp-content\/uploads\/2026\/04\/linia-2-768x154.png 768w\" sizes=\"auto, (max-width: 150px) 100vw, 150px\" \/><\/li>\n\n\n\n<li><strong>Zesp\u00f3\u0142 Szk\u00f3\u0142 Nr 2 w \u017byrardowie<\/strong><br>\u017byrard\u00f3w, ul. Legion\u00f3w Polskich 54\/56<br>Dyrektor: Jolanta Walczak<br><img loading=\"lazy\" decoding=\"async\" width=\"150\" height=\"30\" class=\"wp-image-951\" style=\"width: 150px;\" src=\"https:\/\/raport2025.powiat-zyrardowski.pl\/wp-content\/uploads\/2026\/04\/linia-2.png\" alt=\"\" srcset=\"https:\/\/raport2025.powiat-zyrardowski.pl\/wp-content\/uploads\/2026\/04\/linia-2.png 1000w, https:\/\/raport2025.powiat-zyrardowski.pl\/wp-content\/uploads\/2026\/04\/linia-2-300x60.png 300w, https:\/\/raport2025.powiat-zyrardowski.pl\/wp-content\/uploads\/2026\/04\/linia-2-768x154.png 768w\" sizes=\"auto, (max-width: 150px) 100vw, 150px\" \/><\/li>\n\n\n\n<li><strong>Liceum Og\u00f3lnokszta\u0142c\u0105ce Szko\u0142a Mistrzostwa Sportowego w Kolarstwie w \u017byrardowie<\/strong><br>\u017byrard\u00f3w, ul. Wary\u0144skiego 1<br>Dyrektor:Adrian Kuczy\u0144ski<br><img loading=\"lazy\" decoding=\"async\" width=\"150\" height=\"30\" class=\"wp-image-951\" style=\"width: 150px;\" src=\"https:\/\/raport2025.powiat-zyrardowski.pl\/wp-content\/uploads\/2026\/04\/linia-2.png\" alt=\"\" srcset=\"https:\/\/raport2025.powiat-zyrardowski.pl\/wp-content\/uploads\/2026\/04\/linia-2.png 1000w, https:\/\/raport2025.powiat-zyrardowski.pl\/wp-content\/uploads\/2026\/04\/linia-2-300x60.png 300w, https:\/\/raport2025.powiat-zyrardowski.pl\/wp-content\/uploads\/2026\/04\/linia-2-768x154.png 768w\" sizes=\"auto, (max-width: 150px) 100vw, 150px\" \/><\/li>\n\n\n\n<li><strong>Liceum Og\u00f3lnokszta\u0142c\u0105ce im. Szarych Szereg\u00f3w w Mszczonowie<\/strong><br>Mszczon\u00f3w, ul. Maklakiewicza 18<br>Dyrektor:&nbsp;Joanna Nowak-Zielonka<br><img loading=\"lazy\" decoding=\"async\" width=\"150\" height=\"30\" class=\"wp-image-951\" style=\"width: 150px;\" src=\"https:\/\/raport2025.powiat-zyrardowski.pl\/wp-content\/uploads\/2026\/04\/linia-2.png\" alt=\"\" srcset=\"https:\/\/raport2025.powiat-zyrardowski.pl\/wp-content\/uploads\/2026\/04\/linia-2.png 1000w, https:\/\/raport2025.powiat-zyrardowski.pl\/wp-content\/uploads\/2026\/04\/linia-2-300x60.png 300w, https:\/\/raport2025.powiat-zyrardowski.pl\/wp-content\/uploads\/2026\/04\/linia-2-768x154.png 768w\" sizes=\"auto, (max-width: 150px) 100vw, 150px\" \/><\/li>\n\n\n\n<li><strong>Liceum Og\u00f3lnokszta\u0142c\u0105ce im. Czes\u0142awa Ta\u0144skiego w Puszczy Maria\u0144skiej<\/strong><br>Puszcza Maria\u0144ska, ul. Jana III Sobieskiego 1<br>Dyrektor: Urszula Matusiak<br><img loading=\"lazy\" decoding=\"async\" width=\"150\" height=\"30\" class=\"wp-image-951\" style=\"width: 150px;\" src=\"https:\/\/raport2025.powiat-zyrardowski.pl\/wp-content\/uploads\/2026\/04\/linia-2.png\" alt=\"\" srcset=\"https:\/\/raport2025.powiat-zyrardowski.pl\/wp-content\/uploads\/2026\/04\/linia-2.png 1000w, https:\/\/raport2025.powiat-zyrardowski.pl\/wp-content\/uploads\/2026\/04\/linia-2-300x60.png 300w, https:\/\/raport2025.powiat-zyrardowski.pl\/wp-content\/uploads\/2026\/04\/linia-2-768x154.png 768w\" sizes=\"auto, (max-width: 150px) 100vw, 150px\" \/><\/li>\n\n\n\n<li><strong>Muzeum Mazowsza Zachodniego w \u017byrardowie<\/strong><br>\u017byrard\u00f3w, ul. Dittricha 1<br>Powierzenie P.O. Iwona Ga\u0142ecka 28.10.2025 r.<br>Poprzedni Dyrektor:&nbsp;Arkadiusz Sowa<br><img loading=\"lazy\" decoding=\"async\" width=\"150\" height=\"30\" class=\"wp-image-951\" style=\"width: 150px;\" src=\"https:\/\/raport2025.powiat-zyrardowski.pl\/wp-content\/uploads\/2026\/04\/linia-2.png\" alt=\"\" srcset=\"https:\/\/raport2025.powiat-zyrardowski.pl\/wp-content\/uploads\/2026\/04\/linia-2.png 1000w, https:\/\/raport2025.powiat-zyrardowski.pl\/wp-content\/uploads\/2026\/04\/linia-2-300x60.png 300w, https:\/\/raport2025.powiat-zyrardowski.pl\/wp-content\/uploads\/2026\/04\/linia-2-768x154.png 768w\" sizes=\"auto, (max-width: 150px) 100vw, 150px\" \/><\/li>\n\n\n\n<li><strong>M\u0142odzie\u017cowy Dom Kultury w \u017byrardowie<\/strong><br>\u017byrard\u00f3w, ul. Moniuszki 15<br>Dyrektor: S\u0142awomir Nalej<br><img loading=\"lazy\" decoding=\"async\" width=\"150\" height=\"30\" class=\"wp-image-951\" style=\"width: 150px;\" src=\"https:\/\/raport2025.powiat-zyrardowski.pl\/wp-content\/uploads\/2026\/04\/linia-2.png\" alt=\"\" srcset=\"https:\/\/raport2025.powiat-zyrardowski.pl\/wp-content\/uploads\/2026\/04\/linia-2.png 1000w, https:\/\/raport2025.powiat-zyrardowski.pl\/wp-content\/uploads\/2026\/04\/linia-2-300x60.png 300w, https:\/\/raport2025.powiat-zyrardowski.pl\/wp-content\/uploads\/2026\/04\/linia-2-768x154.png 768w\" sizes=\"auto, (max-width: 150px) 100vw, 150px\" \/><\/li>\n\n\n\n<li><strong>Specjalny O\u015brodek Szkolno \u2013 Wychowawczy im. Marii Grzegorzewskiej<\/strong><br>\u017byrard\u00f3w, ul. \u015arodkowa 36<br>Dyrektor: Monika Modrzejewska &#8211; od lipca 2025 r. <br>Poprzedni Dyrektor: Bo\u017cena Piotrowska<br><img loading=\"lazy\" decoding=\"async\" width=\"150\" height=\"30\" class=\"wp-image-951\" style=\"width: 150px;\" src=\"https:\/\/raport2025.powiat-zyrardowski.pl\/wp-content\/uploads\/2026\/04\/linia-2.png\" alt=\"\" srcset=\"https:\/\/raport2025.powiat-zyrardowski.pl\/wp-content\/uploads\/2026\/04\/linia-2.png 1000w, https:\/\/raport2025.powiat-zyrardowski.pl\/wp-content\/uploads\/2026\/04\/linia-2-300x60.png 300w, https:\/\/raport2025.powiat-zyrardowski.pl\/wp-content\/uploads\/2026\/04\/linia-2-768x154.png 768w\" sizes=\"auto, (max-width: 150px) 100vw, 150px\" \/><\/li>\n\n\n\n<li><strong>Poradnia Psychologiczno-Pedagogiczna w \u017byrardowie<\/strong><br>\u017byrard\u00f3w, ul. Moniuszki 40<br>Dyrektor: Renata Ozon<br><img loading=\"lazy\" decoding=\"async\" width=\"150\" height=\"30\" class=\"wp-image-951\" style=\"width: 150px;\" src=\"https:\/\/raport2025.powiat-zyrardowski.pl\/wp-content\/uploads\/2026\/04\/linia-2.png\" alt=\"\" srcset=\"https:\/\/raport2025.powiat-zyrardowski.pl\/wp-content\/uploads\/2026\/04\/linia-2.png 1000w, https:\/\/raport2025.powiat-zyrardowski.pl\/wp-content\/uploads\/2026\/04\/linia-2-300x60.png 300w, https:\/\/raport2025.powiat-zyrardowski.pl\/wp-content\/uploads\/2026\/04\/linia-2-768x154.png 768w\" sizes=\"auto, (max-width: 150px) 100vw, 150px\" \/><\/li>\n\n\n\n<li><strong>Powiatowy Urz\u0105d Pracy w \u017byrardowie<\/strong><br>\u017byrard\u00f3w, ul. Limanowskiego 45<br>Dyrektor: Jan Maciejski<br><img loading=\"lazy\" decoding=\"async\" width=\"150\" height=\"30\" class=\"wp-image-951\" style=\"width: 150px;\" src=\"https:\/\/raport2025.powiat-zyrardowski.pl\/wp-content\/uploads\/2026\/04\/linia-2.png\" alt=\"\" srcset=\"https:\/\/raport2025.powiat-zyrardowski.pl\/wp-content\/uploads\/2026\/04\/linia-2.png 1000w, https:\/\/raport2025.powiat-zyrardowski.pl\/wp-content\/uploads\/2026\/04\/linia-2-300x60.png 300w, https:\/\/raport2025.powiat-zyrardowski.pl\/wp-content\/uploads\/2026\/04\/linia-2-768x154.png 768w\" sizes=\"auto, (max-width: 150px) 100vw, 150px\" \/><\/li>\n\n\n\n<li><strong>Powiatowy Zarz\u0105d Dr\u00f3g w \u017byrardowie<\/strong><br>\u017byrard\u00f3w, ul. Jaktorowska 53<br>Dyrektor: Andrzej Pydzik<br><img loading=\"lazy\" decoding=\"async\" width=\"150\" height=\"30\" class=\"wp-image-951\" style=\"width: 150px;\" src=\"https:\/\/raport2025.powiat-zyrardowski.pl\/wp-content\/uploads\/2026\/04\/linia-2.png\" alt=\"\" srcset=\"https:\/\/raport2025.powiat-zyrardowski.pl\/wp-content\/uploads\/2026\/04\/linia-2.png 1000w, https:\/\/raport2025.powiat-zyrardowski.pl\/wp-content\/uploads\/2026\/04\/linia-2-300x60.png 300w, https:\/\/raport2025.powiat-zyrardowski.pl\/wp-content\/uploads\/2026\/04\/linia-2-768x154.png 768w\" sizes=\"auto, (max-width: 150px) 100vw, 150px\" \/><\/li>\n\n\n\n<li><strong>Centrum Zdrowia Mazowsza Zachodniego Sp. z o.o. w \u017byrardowie<\/strong><br>\u017byrard\u00f3w, ul. Limanowskiego 30<br>Prezes: Marcin Pluta<br><img loading=\"lazy\" decoding=\"async\" width=\"150\" height=\"30\" class=\"wp-image-951\" style=\"width: 150px;\" src=\"https:\/\/raport2025.powiat-zyrardowski.pl\/wp-content\/uploads\/2026\/04\/linia-2.png\" alt=\"\" srcset=\"https:\/\/raport2025.powiat-zyrardowski.pl\/wp-content\/uploads\/2026\/04\/linia-2.png 1000w, https:\/\/raport2025.powiat-zyrardowski.pl\/wp-content\/uploads\/2026\/04\/linia-2-300x60.png 300w, https:\/\/raport2025.powiat-zyrardowski.pl\/wp-content\/uploads\/2026\/04\/linia-2-768x154.png 768w\" sizes=\"auto, (max-width: 150px) 100vw, 150px\" \/><\/li>\n\n\n\n<li><strong>Centrum Us\u0142ug Wsp\u00f3lnych Powiatu \u017byrardowskiego<\/strong><br>\u017byrard\u00f3w, ul. \u015arodkowa 36<br>Dyrektor: Iwona Gmiter<br><img loading=\"lazy\" decoding=\"async\" width=\"150\" height=\"30\" class=\"wp-image-951\" style=\"width: 150px;\" src=\"https:\/\/raport2025.powiat-zyrardowski.pl\/wp-content\/uploads\/2026\/04\/linia-2.png\" alt=\"\" srcset=\"https:\/\/raport2025.powiat-zyrardowski.pl\/wp-content\/uploads\/2026\/04\/linia-2.png 1000w, https:\/\/raport2025.powiat-zyrardowski.pl\/wp-content\/uploads\/2026\/04\/linia-2-300x60.png 300w, https:\/\/raport2025.powiat-zyrardowski.pl\/wp-content\/uploads\/2026\/04\/linia-2-768x154.png 768w\" sizes=\"auto, (max-width: 150px) 100vw, 150px\" \/><\/li>\n\n\n\n<li><strong>Powiatowe Centrum Pomocy Rodzinie w \u017byrardowie<\/strong><br>\u017byrard\u00f3w, ul. 1 Maja 60<br>Dyrektor: Agnieszka Karwat<br><img loading=\"lazy\" decoding=\"async\" width=\"150\" height=\"30\" class=\"wp-image-951\" style=\"width: 150px;\" src=\"https:\/\/raport2025.powiat-zyrardowski.pl\/wp-content\/uploads\/2026\/04\/linia-2.png\" alt=\"\" srcset=\"https:\/\/raport2025.powiat-zyrardowski.pl\/wp-content\/uploads\/2026\/04\/linia-2.png 1000w, https:\/\/raport2025.powiat-zyrardowski.pl\/wp-content\/uploads\/2026\/04\/linia-2-300x60.png 300w, https:\/\/raport2025.powiat-zyrardowski.pl\/wp-content\/uploads\/2026\/04\/linia-2-768x154.png 768w\" sizes=\"auto, (max-width: 150px) 100vw, 150px\" \/><\/li>\n\n\n\n<li><strong>Dom Pomocy Spo\u0142ecznej im. Ks. Jerzego Popie\u0142uszki<\/strong><br>\u017byrard\u00f3w, ul. Gen. Sosabowskiego 23<br>Dyrektor: Ewa Bomba\u0142a<br><img loading=\"lazy\" decoding=\"async\" width=\"150\" height=\"30\" class=\"wp-image-951\" style=\"width: 150px;\" src=\"https:\/\/raport2025.powiat-zyrardowski.pl\/wp-content\/uploads\/2026\/04\/linia-2.png\" alt=\"\" srcset=\"https:\/\/raport2025.powiat-zyrardowski.pl\/wp-content\/uploads\/2026\/04\/linia-2.png 1000w, https:\/\/raport2025.powiat-zyrardowski.pl\/wp-content\/uploads\/2026\/04\/linia-2-300x60.png 300w, https:\/\/raport2025.powiat-zyrardowski.pl\/wp-content\/uploads\/2026\/04\/linia-2-768x154.png 768w\" sizes=\"auto, (max-width: 150px) 100vw, 150px\" \/><\/li>\n\n\n\n<li><strong>Dom Pomocy Spo\u0142ecznej dla Os\u00f3b Przewlekle Chorych Somatycznie<\/strong><br>\u017byrard\u00f3w, ul. Limanowskiego 32b<br>Dyrektor: El\u017cbieta Ciesielska<br><img loading=\"lazy\" decoding=\"async\" width=\"150\" height=\"30\" class=\"wp-image-951\" style=\"width: 150px;\" src=\"https:\/\/raport2025.powiat-zyrardowski.pl\/wp-content\/uploads\/2026\/04\/linia-2.png\" alt=\"\" srcset=\"https:\/\/raport2025.powiat-zyrardowski.pl\/wp-content\/uploads\/2026\/04\/linia-2.png 1000w, https:\/\/raport2025.powiat-zyrardowski.pl\/wp-content\/uploads\/2026\/04\/linia-2-300x60.png 300w, https:\/\/raport2025.powiat-zyrardowski.pl\/wp-content\/uploads\/2026\/04\/linia-2-768x154.png 768w\" sizes=\"auto, (max-width: 150px) 100vw, 150px\" \/><\/li>\n\n\n\n<li><strong>Dom Pomocy Spo\u0142ecznej dla Os\u00f3b Przewlekle Psychicznie Chorych w Hamerni<\/strong><br>Radziejowice, Tartak ul. Mszczonowska 1<br>Dyrektor: Grzegorz Kami\u0144ski<\/li>\n<\/ul>\n\n\n\n<p><\/p>\n","protected":false},"excerpt":{"rendered":"<p>STAROSTWO POWIATOWE Dokumenty reguluj\u0105ce prac\u0119 Powiatu i Starostwa: Zatrudnienie w Starostwie Powiatowym w 2025 r. WYSZCZEG\u00d3LNIENIE LICZBA PRACOWNIK\u00d3W Zatrudnieni og\u00f3\u0142em 136 Pe\u0142nozatrudnieni 122 Niepe\u0142nozatrudnieni 14 Przyj\u0119ci do pracy w 2025&#8230;<\/p>\n","protected":false},"author":2,"featured_media":0,"parent":0,"menu_order":0,"comment_status":"closed","ping_status":"closed","template":"","meta":{"footnotes":""},"class_list":["post-311","page","type-page","status-publish","hentry"],"_links":{"self":[{"href":"https:\/\/raport2025.powiat-zyrardowski.pl\/index.php\/wp-json\/wp\/v2\/pages\/311","targetHints":{"allow":["GET"]}}],"collection":[{"href":"https:\/\/raport2025.powiat-zyrardowski.pl\/index.php\/wp-json\/wp\/v2\/pages"}],"about":[{"href":"https:\/\/raport2025.powiat-zyrardowski.pl\/index.php\/wp-json\/wp\/v2\/types\/page"}],"author":[{"embeddable":true,"href":"https:\/\/raport2025.powiat-zyrardowski.pl\/index.php\/wp-json\/wp\/v2\/users\/2"}],"replies":[{"embeddable":true,"href":"https:\/\/raport2025.powiat-zyrardowski.pl\/index.php\/wp-json\/wp\/v2\/comments?post=311"}],"version-history":[{"count":57,"href":"https:\/\/raport2025.powiat-zyrardowski.pl\/index.php\/wp-json\/wp\/v2\/pages\/311\/revisions"}],"predecessor-version":[{"id":2390,"href":"https:\/\/raport2025.powiat-zyrardowski.pl\/index.php\/wp-json\/wp\/v2\/pages\/311\/revisions\/2390"}],"wp:attachment":[{"href":"https:\/\/raport2025.powiat-zyrardowski.pl\/index.php\/wp-json\/wp\/v2\/media?parent=311"}],"curies":[{"name":"wp","href":"https:\/\/api.w.org\/{rel}","templated":true}]}}