{"id":290,"date":"2026-02-17T12:17:42","date_gmt":"2026-02-17T11:17:42","guid":{"rendered":"http:\/\/192.168.2.10\/?page_id=290"},"modified":"2026-05-08T15:20:47","modified_gmt":"2026-05-08T13:20:47","slug":"uchwaly-rady-powiatu","status":"publish","type":"page","link":"https:\/\/raport2025.powiat-zyrardowski.pl\/index.php\/uchwaly-rady-powiatu\/","title":{"rendered":"Uchwa\u0142y Rady Powiatu"},"content":{"rendered":"\n<hr class=\"wp-block-separator has-alpha-channel-opacity\"\/>\n\n\n\n<figure class=\"wp-block-table is-style-stripes\"><table><thead><tr><th><strong>Lp.<\/strong><\/th><th><strong>Uchwa\u0142a (numer\/przedmiot)<\/strong><\/th><th>Status<\/th><\/tr><\/thead><tbody><tr><td>1.<\/td><td>UCHWA\u0141A NR IX\/69\/25 RADY POWIATU \u017bYRARDOWSKIEGO z dnia 29 stycznia 2025 r. w sprawie ustalenia procedury zg\u0142osze\u0144 zewn\u0119trznych oraz podejmowania dzia\u0142a\u0144 nast\u0119pczych przez Rad\u0119 Powiatu \u017byrardowskiego<\/td><td>Podj\u0119ta<\/td><\/tr><tr><td>2.<\/td><td>UCHWA\u0141A Nr IX\/70\/25 RADY POWIATU \u017bYRARDOWSKIEGO z dnia 29 stycznia 2025 roku zmieniaj\u0105ca uchwa\u0142\u0119 bud\u017cetow\u0105 Powiatu \u017byrardowskiego na rok 2025<\/td><td>Podj\u0119ta<\/td><\/tr><tr><td>3.<\/td><td>Uchwa\u0142a Nr IX\/71\/25 RADY POWIATU \u017bYRARDOWSKIEGO z dnia 29 stycznia 2025 roku zmieniaj\u0105ca Wieloletni\u0105 Prognoz\u0119 Finansow\u0105 Powiatu \u017byrardowskiego na lata 2025-2037<\/td><td>Podj\u0119ta<\/td><\/tr><tr><td>4.<\/td><td>UCHWA\u0141A NR IX\/72\/25 RADY POWIATU \u017bYRARDOWSKIEGO z dnia 29 stycznia 2025 roku w sprawie z\u0142o\u017cenia wniosku do Ministra Spraw Wewn\u0119trznych i Administracji o zezwolenie na utworzenie w Liceum Og\u00f3lnokszta\u0142c\u0105cym im. Czes\u0142awa Ta\u0144skiego, ul. Kr\u00f3la Jana Sobieskiego 61, 96-330 Puszcza Maria\u0144ska oddzia\u0142u o profilu mundurowym<\/td><td>Podj\u0119ta<\/td><\/tr><tr><td>5.<\/td><td>UCHWA\u0141A NR IX\/73\/25 RADY POWIATU \u017bYRARDOWSKIEGO z dnia 29 stycznia 2025 r. w sprawie zaj\u0119cia stanowiska popieraj\u0105cego dzia\u0142ania Zarz\u0105du Powiatu \u017byrardowskiego maj\u0105ce na celu nawi\u0105zanie wsp\u00f3\u0142pracy z Regionaln\u0105 Rad\u0105 Lotnisk z siedzib\u0105 w Brukseli przy Rue Montoyer 21<\/td><td>Podj\u0119ta<\/td><\/tr><tr><td>6.<\/td><td>UCHWA\u0141A NR X\/74\/25 RADY POWIATU \u017bYRARDOWSKIEGO z dnia 20 marca 2025 r. w sprawie okre\u015blenia zada\u0144 i podzia\u0142u \u015brodk\u00f3w Pa\u0144stwowego Funduszu Rehabilitacji Os\u00f3b Niepe\u0142nosprawnych na zadania z zakresu rehabilitacji zawodowej i spo\u0142ecznej oraz szczeg\u00f3\u0142owych zasad ich realizacji w 2025 roku.<\/td><td>Podj\u0119ta<\/td><\/tr><tr><td>7.<\/td><td>UCHWA\u0141A NR X\/75\/25 RADY POWIATU \u017bYRARDOWSKIEGO z dnia 20 marca 2025 r. w sprawie rozpatrzenia ponownej skargi na Starost\u0119 Powiatu \u017byrardowskiego.<\/td><td>Podj\u0119ta<\/td><\/tr><tr><td>8.<\/td><td>UCHWA\u0141A NR X\/76\/25 RADY POWIATU \u017bYRARDOWSKIEGO z dnia 20 marca 2025 r. w sprawie rozpatrzenia ponownej skargi na Starost\u0119 Powiatu \u017byrardowskiego<\/td><td>Podj\u0119ta<\/td><\/tr><tr><td>9.<\/td><td>UCHWA\u0141A Nr X\/77\/25 RADY POWIATU \u017bYRARDOWSKIEGO z dnia 20 marca 2025 r. w sprawie rozpatrzenia skarg<\/td><td>Podj\u0119ta<\/td><\/tr><tr><td>10.<\/td><td>UCHWA\u0141A NR X\/78\/25 RADY POWIATU \u017bYRARDOWSKIEGO z dnia 20 marca 2025 r. zmieniaj\u0105ca uchwa\u0142\u0119 w sprawie regulaminu okre\u015blaj\u0105cego wysoko\u015b\u0107 oraz szczeg\u00f3\u0142owe warunki przyznawania dodatk\u00f3w: za wys\u0142ug\u0119 lat, motywacyjnego, funkcyjnego i za warunki pracy oraz szczeg\u00f3\u0142owe warunki obliczania i wyp\u0142acania wynagrodzenia za godziny ponadwymiarowe i godziny dora\u017anych zast\u0119pstw nauczycielom zatrudnionym w szko\u0142ach i plac\u00f3wkach o\u015bwiatowych prowadzonych przez Powiat \u017byrardowski<\/td><td>Podj\u0119ta<\/td><\/tr><tr><td>11.<\/td><td>UCHWA\u0141A Nr X\/79\/25 RADY POWIATU \u017bYRARDOWSKIEGO z dnia 20 marca 2025 roku zmieniaj\u0105ca uchwa\u0142\u0119 bud\u017cetow\u0105 Powiatu \u017byrardowskiego na rok 2025<\/td><td>Podj\u0119ta<\/td><\/tr><tr><td>12.<\/td><td>Uchwa\u0142a Nr X\/80\/25 RADY POWIATU \u017bYRARDOWSKIEGO z dnia 20 marca 2025 roku zmieniaj\u0105ca Wieloletni\u0105 Prognoz\u0119 Finansow\u0105 Powiatu \u017byrardowskiego<\/td><td>Podj\u0119ta<\/td><\/tr><tr><td>13.<\/td><td>UCHWA\u0141A NR X\/81\/25 RADY POWIATU \u017bYRARDOWSKIEGO z dnia 20 marca 2025 r. w sprawie: zaci\u0105gni\u0119cia kredytu d\u0142ugoterminowego z przeznaczeniem na sp\u0142at\u0119 wcze\u015bniej zaci\u0105gni\u0119tych zobowi\u0105za\u0144<\/td><td>Podj\u0119ta<\/td><\/tr><tr><td>14.<\/td><td>UCHWA\u0141A NR X\/82\/25 RADY POWIATU \u017bYRARDOWSKIEGO z dnia 20 marca 2025 r. w sprawie: zaci\u0105gni\u0119cia kredytu d\u0142ugoterminowego z przeznaczeniem na sfinansowanie planowanego deficytu bud\u017cetu<\/td><td>Podj\u0119ta<\/td><\/tr><tr><td>15.<\/td><td>UCHWA\u0141A NR X\/83\/25 RADY POWIATU \u017bYRARDOWSKIEGO z dnia 20 marca 2025 r. w sprawie wyra\u017cenia zgody na nabycie nieruchomo\u015bci<\/td><td>Podj\u0119ta<\/td><\/tr><tr><td>16.<\/td><td>UCHWA\u0141A NR XI\/84\/25 RADY POWIATU \u017bYRARDOWSKIEGO z dnia 24 kwietnia 2025 r. w sprawie powierzenia Gminie Miasta Radomia realizacji zadania publicznego z obszaru pomocy spo\u0142ecznej<\/td><td>Podj\u0119ta<\/td><\/tr><tr><td>17.<\/td><td>UCHWA\u0141A NR XI\/85\/25 RADY POWIATU \u017bYRARDOWSKIEGO z dnia 24 kwietnia 2025 roku w sprawie dopuszczenia mo\u017cliwo\u015bci sk\u0142adania wniosku o przyj\u0119cie do publicznej szko\u0142y ponadpodstawowej do wi\u0119cej ni\u017c trzech wybranych publicznych szk\u00f3\u0142<\/td><td>Podj\u0119ta<\/td><\/tr><tr><td>18.<\/td><td>UCHWA\u0141A NR XI\/86\/25 RADY POWIATU \u017bYRARDOWSKIEGO z dnia 24 kwietnia 2025 r. w sprawie zasad i trybu przeprowadzania konsultacji spo\u0142ecznych z mieszka\u0144cami Powiatu \u017byrardowskiego<\/td><td>Podj\u0119ta<\/td><\/tr><tr><td>19.<\/td><td>UCHWA\u0141A NR XI\/87\/25 RADY POWIATU \u017bYRARDOWSKIEGO z dnia 24 kwietnia 2025 r. w sprawie wyra\u017cenia zgody na obci\u0105\u017cenie nieruchomo\u015bci<\/td><td>Podj\u0119ta<\/td><\/tr><tr><td>20.<\/td><td>UCHWA\u0141A Nr XI\/88\/25 RADY POWIATU \u017bYRARDOWSKIEGO z dnia 24 kwietnia 2025 roku zmieniaj\u0105ca uchwa\u0142\u0119 bud\u017cetow\u0105 Powiatu \u017byrardowskiego na rok 2025<\/td><td>Podj\u0119ta<\/td><\/tr><tr><td>21.<\/td><td>Uchwa\u0142a Nr XI\/89\/25 RADY POWIATU \u017bYRARDOWSKIEGO z dnia 24 kwietnia 2025 roku zmieniaj\u0105ca Wieloletni\u0105 Prognoz\u0119 Finansow\u0105 Powiatu \u017byrardowskiego<\/td><td>Podj\u0119ta<\/td><\/tr><tr><td>22.<\/td><td>UCHWA\u0141A NR XI\/90\/25 RADY POWIATU \u017bYRARDOWSKIEGO z dnia 24 kwietnia 2025 r. w sprawie rozpatrzenia skargi na Dyrektora Powiatowego Zarz\u0105du Dr\u00f3g w \u017byrardowie<\/td><td>Podj\u0119ta<\/td><\/tr><tr><td>23.<\/td><td>UCHWA\u0141A NR XI\/91\/25 RADY POWIATU \u017bYRARDOWSKIEGO z dnia 24 kwietnia 2025 r. w sprawie rozpatrzenia ponownej skargi na Starost\u0119 Powiatu \u017byrardowskiego<\/td><td>Podj\u0119ta<\/td><\/tr><tr><td>24.<\/td><td>Uchwa\u0142a nr XII\/92\/25 RADY POWIATU \u017bYRARDOWSKIEGO z dnia 27 maja 2025 roku w sprawie udzielenia Zarz\u0105dowi Powiatu \u017byrardowskiego wotum zaufania<\/td><td>Podj\u0119ta<\/td><\/tr><tr><td>25.<\/td><td>Uchwa\u0142a Nr XII\/93\/25 Rady Powiatu \u017byrardowskiego z dnia 27 maja 2025 roku w sprawie zatwierdzenia sprawozdania finansowego Powiatu \u017byrardowskiego za 2024 rok<\/td><td>Podj\u0119ta<\/td><\/tr><tr><td>26.<\/td><td>Uchwa\u0142a Nr XII\/94\/25 Rady Powiatu \u017byrardowskiego z dnia 27 maja 2025 roku w sprawie udzielenia Zarz\u0105dowi Powiatu absolutorium z tytu\u0142u Wykonania bud\u017cetu za 2024 rok<\/td><td>Podj\u0119ta<\/td><\/tr><tr><td>27.<\/td><td>UCHWA\u0141A Nr XII\/95\/25 RADY POWIATU \u017bYRARDOWSKIEGO z dnia 27 maja 2025 roku zmieniaj\u0105ca uchwa\u0142\u0119 bud\u017cetow\u0105 Powiatu \u017byrardowskiego na rok 2025<\/td><td>Podj\u0119ta<\/td><\/tr><tr><td>28.<\/td><td>Uchwa\u0142a Nr XII\/96\/25 RADY POWIATU \u017bYRARDOWSKIEGO z dnia 27 maja 2025 roku zmieniaj\u0105ca Wieloletni\u0105 Prognoz\u0119 Finansow\u0105 Powiatu \u017byrardowskiego<\/td><td>Podj\u0119ta<\/td><\/tr><tr><td>29.<\/td><td>UCHWA\u0141A NR XII\/97\/25 RADY POWIATU \u017bYRARDOWSKIEGO z dnia 27 maja 2025 r. w sprawie przyj\u0119cia &#8222;Oceny zasob\u00f3w pomocy spo\u0142ecznej za 2024 rok&#8221;.<\/td><td>Podj\u0119ta<\/td><\/tr><tr><td>30.<\/td><td>UCHWA\u0141A NR XII\/98\/25 RADY POWIATU \u017bYRARDOWSKIEGO z dnia 27 maja 2025 r. w sprawie rozpatrzenia ponownej skargi na Starost\u0119 Powiatu \u017byrardowskiego<\/td><td>Podj\u0119ta<\/td><\/tr><tr><td>31.<\/td><td>UCHWA\u0141A NR XII\/99\/25 RADY POWIATU \u017bYRARDOWSKIEGO z dnia 27 maja 2025 r. w sprawie rozpatrzenia skargi na Dyrektora Specjalnego O\u015brodka Szkolno-Wychowawczego im. Marii Grzegorzewskiej w \u017byrardowie<\/td><td>Podj\u0119ta<\/td><\/tr><tr><td>32.<\/td><td>UCHWA\u0141A NR XIII\/100\/\/25 RADY POWIATU \u017bYRARDOWSKIEGO z dnia 25 czerwca 2025 r. w sprawie przyj\u0119cia sprawozdania z dzia\u0142alno\u015bci Powiatowego Centrum Pomocy Rodzinie w \u017byrardowie oraz z efekt\u00f3w pracy Organizatora rodzinnej pieczy zast\u0119pczej w powiecie \u017cyrardowskim za 2024 rok<\/td><td>Podj\u0119ta<\/td><\/tr><tr><td>33.<\/td><td>UCHWA\u0141A NR XIII\/101\/25 RADY POWIATU \u017bYRARDOWSKIEGO z dnia 25 czerwca 2025 r. w sprawie ustalenia wysoko\u015bci wynagrodzenia os\u00f3b prowadz\u0105cych rodzinne domy dziecka funkcjonuj\u0105ce na terenie Powiatu \u017byrardowskiego<\/td><td>Podj\u0119ta<\/td><\/tr><tr><td>34.<\/td><td>UCHWA\u0141A NR XIII\/102\/25 RADY POWIATU \u017bYRARDOWSKIEGO z dnia 25 czerwca 2025 r. w sprawie wyra\u017cenia zgody na zbycie nieruchomo\u015bci<\/td><td>Podj\u0119ta<\/td><\/tr><tr><td>35.<\/td><td>UCHWA\u0141A NR XIII\/103\/25 RADY POWIATU \u017bYRARDOWSKIEGO z dnia 25 czerwca 2025 r. w sprawie wyra\u017cenia zgody na nabycie nieruchomo\u015bci w drodze darowizny<\/td><td>Podj\u0119ta<\/td><\/tr><tr><td>36.<\/td><td>UCHWA\u0141A NR XIII\/104\/25 RADY POWIATU \u017bYRARDOWSKIEGO z dnia 25 czerwca 2025r. w sprawie: nadania Statutu Powiatowemu Urz\u0119dowi Pracy w \u017byrardowie<\/td><td>Podj\u0119ta<\/td><\/tr><tr><td>37.<\/td><td>UCHWA\u0141A Nr XIII\/105\/25 RADY POWIATU \u017bYRARDOWSKIEGO z dnia 25 czerwca 2025 roku zmieniaj\u0105ca uchwa\u0142\u0119 bud\u017cetow\u0105 Powiatu \u017byrardowskiego na rok 2025<\/td><td>Podj\u0119ta<\/td><\/tr><tr><td>38.<\/td><td>Uchwa\u0142a Nr XIII\/106\/25 RADY POWIATU \u017bYRARDOWSKIEGO z dnia 25 czerwca 2025 roku zmieniaj\u0105ca Wieloletni\u0105 Prognoz\u0119 Finansow\u0105 Powiatu \u017byrardowskiego<\/td><td>Podj\u0119ta<\/td><\/tr><tr><td>39.<\/td><td>UCHWA\u0141A Nr XIII\/107\/25 Rady Powiatu \u017byrardowskiego z dnia 25 czerwca 2025 r. w sprawie zaci\u0105gni\u0119cia po\u017cyczki d\u0142ugoterminowej<\/td><td>Podj\u0119ta<\/td><\/tr><tr><td>40.<\/td><td>UCHWA\u0141A NR XIV\/108\/25 RADY POWIATU \u017bYRARDOWSKIEGO z dnia 4 wrze\u015bnia 2025 r. w sprawie zmiany Uchwa\u0142y Nr XII\/76\/11 Rady Powiatu \u017byrardowskiego z dnia 28 pa\u017adziernika 2011 r. w sprawie utworzenia \u015arodowiskowego Domu Samopomocy w \u017byrardowie<\/td><td>Podj\u0119ta<\/td><\/tr><tr><td>41.<\/td><td>UCHWA\u0141A Nr XIV\/109\/25 RADY POWIATU \u017bYRARDOWSKIEGO z dnia 4 wrze\u015bnia 2025 roku w sprawie rozpatrzenia skarg<\/td><td>Podj\u0119ta<\/td><\/tr><tr><td>42.<\/td><td>UCHWA\u0141A Nr XIV\/110\/25 RADY POWIATU \u017bYRARDOWSKIEGO z dnia 04 wrze\u015bnia 2025 roku zmieniaj\u0105ca uchwa\u0142\u0119 bud\u017cetow\u0105 Powiatu \u017byrardowskiego na rok 2025<\/td><td>Podj\u0119ta<\/td><\/tr><tr><td>43.<\/td><td>Uchwa\u0142a Nr XIV\/111\/25 Rady Powiatu \u017byrardowskiego z dnia 4 wrze\u015bnia 2025 roku zmieniaj\u0105ca Wieloletni\u0105 Prognoz\u0119 Finansow\u0105 Powiatu \u017byrardowskiego<\/td><td>Podj\u0119ta<\/td><\/tr><tr><td>44.<\/td><td>UCHWA\u0141A Nr XIV\/112\/25 RADY POWIATU \u017bYRARDOWSKIEGO z dnia 4 wrze\u015bnia 2025 roku w sprawie udzielenia pomocy finansowej dla Gminy Puszcza Maria\u0144ska<\/td><td>Podj\u0119ta<\/td><\/tr><tr><td>45.<\/td><td>UCHWA\u0141A NR XV\/113\/25 RADY POWIATU \u017bYRARDOWSKIEGO z dnia 30 wrze\u015bnia 2025 r. w sprawie zmiany Uchwa\u0142y NR X\/74\/25 Rady Powiatu \u017byrardowskiego z dnia 20 marca 2025 roku w sprawie okre\u015blenia zada\u0144 i podzia\u0142u \u015brodk\u00f3w Pa\u0144stwowego Funduszu Rehabilitacji Os\u00f3b Niepe\u0142nosprawnych na zadania z zakresu rehabilitacji zawodowej i spo\u0142ecznej oraz szczeg\u00f3\u0142owych zasad ich realizacji w 2025 roku<\/td><td>Podj\u0119ta<\/td><\/tr><tr><td>46.<\/td><td>UCHWA\u0141A NR XV\/114\/25 RADY POWIATU \u017bYRARDOWSKIEGO z dnia 30 wrze\u015bnia 2025 roku w sprawie okre\u015blenia wysoko\u015bci stawek op\u0142at za zaj\u0119cie pasa drogowego dr\u00f3g powiatowych na obszarze Powiatu \u017byrardowskiego<\/td><td>Podj\u0119ta<\/td><\/tr><tr><td>47.<\/td><td>UCHWA\u0141A Nr XV\/115\/25 RADY POWIATU \u017bYRARDOWSKIEGO z dnia 30 wrze\u015bnia 2025 roku zmieniaj\u0105ca uchwa\u0142\u0119 bud\u017cetow\u0105 Powiatu \u017byrardowskiego na rok 2025<\/td><td>Podj\u0119ta<\/td><\/tr><tr><td>48.<\/td><td>Uchwa\u0142a Nr XV\/116\/25 RADY POWIATU \u017bYRARDOWSKIEGO z dnia 30 wrze\u015bnia 2025 roku zmieniaj\u0105ca Wieloletni\u0105 Prognoz\u0119 Finansow\u0105 Powiatu \u017byrardowskiego<\/td><td>Podj\u0119ta<\/td><\/tr><tr><td>49.<\/td><td>UCHWA\u0141A NR XVI\/117\/25 RADY POWIATU \u017bYRARDOWSKIEGO z dnia 30 pa\u017adziernika 2025 r. w sprawie ustalenia wynagrodzenia dla Starosty Powiatu \u017byrardowskiego<\/td><td>Podj\u0119ta<\/td><\/tr><tr><td>50.<\/td><td>UCHWA\u0141A NR XVI\/118\/25 RADY POWIATU \u017bYRARDOWSKIEGO z dnia 30 pa\u017adziernika 2025 r. w sprawie ustalenia wysoko\u015bci op\u0142at za usuni\u0119cie pojazdu z drogi i jego przechowywanie na parkingu strze\u017conym oraz wysoko\u015bci koszt\u00f3w powsta\u0142ych w przypadku odst\u0105pienia od usuni\u0119cia pojazdu na terenie Powiatu \u017byrardowskiego<\/td><td>Podj\u0119ta<\/td><\/tr><tr><td>51.<\/td><td>UCHWA\u0141A NR XVI\/119\/25 RADY POWIATU \u017bYRARDOWSKIEGO z dnia 30 pa\u017adziernika 2025 r. w sprawie pozbawienia kategorii drogi powiatowej drogi stanowi\u0105cej uprzednio drog\u0119 wojew\u00f3dzk\u0105 Nr 779 Stacja kolejowa Mszczon\u00f3w &#8211; Droga 50<\/td><td>Podj\u0119ta<\/td><\/tr><tr><td>52.<\/td><td>UCHWA\u0141A NR XVI\/120\/25 RADY POWIATU \u017bYRARDOWSKIEGO z dnia 30 pa\u017adziernika 2025 r. w sprawie pozbawienia kategorii drogi powiatowej drogi stanowi\u0105cej uprzednio odcinek drogi wojew\u00f3dzkiej Nr 579 w obr\u0119bie Kukl\u00f3wka Radziejowicka i Budy J\u00f3zefowskie o d\u0142ugo\u015bci oko\u0142o 0,287 km, zlokalizowany na terenie gminy Radziejowice<\/td><td>Podj\u0119ta<\/td><\/tr><tr><td>53.<\/td><td>UCHWA\u0141A Nr XVI\/121\/25 RADY POWIATU \u017bYRARDOWSKIEGO z dnia 30 pa\u017adziernika 2025 roku zmieniaj\u0105ca uchwa\u0142\u0119 bud\u017cetow\u0105 Powiatu \u017byrardowskiego na rok 2025<\/td><td>Podj\u0119ta<\/td><\/tr><tr><td>54.<\/td><td>Uchwa\u0142a Nr XVI\/122\/25 RADY POWIATU \u017bYRARDOWSKIEGO z dnia 30 pa\u017adziernika 2025 roku zmieniaj\u0105ca Wieloletni\u0105 Prognoz\u0119 Finansow\u0105 Powiatu \u017byrardowskiego<\/td><td>Podj\u0119ta<\/td><\/tr><tr><td>55.<\/td><td>Uchwa\u0142a nr XVI\/123\/25 Rady Powiatu \u017byrardowskiego z dnia 30 pa\u017adziernika 2025 roku w sprawie upowa\u017cnienia Zarz\u0105du Powiatu \u017byrardowskiego do podj\u0119cia dzia\u0142a\u0144 na rzecz dostosowania edukacji w szko\u0142ach prowadzonych przez Powiat \u017byrardowski do zmieniaj\u0105cych si\u0119 warunk\u00f3w i potrzeb rynku pracy w zwi\u0105zku z budow\u0105 Centralnego Portu Komunikacyjnego, w tym do pe\u0142nienia roli lidera projektu &#8222;Akademia Kompetencji Zawodowych CPK&#8221;<\/td><td>Podj\u0119ta<\/td><\/tr><tr><td>56.<\/td><td>Uchwa\u0142a Nr XVI\/124\/25 Rady Powiatu \u017byrardowskiego z dnia 30 pa\u017adziernika 2025 roku zmieniaj\u0105ca uchwa\u0142\u0119 w sprawie zasad przyznawania diet radnym, ustalenia stawek zwrotu koszt\u00f3w podr\u00f3\u017cy s\u0142u\u017cbowej oraz upowa\u017cnienia wiceprzewodnicz\u0105cych rady<\/td><td>Podj\u0119ta<\/td><\/tr><tr><td>57.<\/td><td>UCHWA\u0141A Nr XVII\/125\/25 RADY POWIATU \u017bYRARDOWSKIEGO z dnia 26 listopada 2025 r. w sprawie zwi\u0119kszenia wysoko\u015bci \u015brodk\u00f3w finansowych na utrzymanie dziecka w plac\u00f3wce opieku\u0144czo wychowawczej typu rodzinnego prowadzonej przez Powiat \u017byrardowski<\/td><td>Podj\u0119ta<\/td><\/tr><tr><td>58.<\/td><td>UCHWA\u0141A NR XVII\/126\/25 RADY POWIATU \u017bYRARDOWSKIEGO z dnia 26 listopada 2025 r. w sprawie przyj\u0119cia Powiatowego Programu Przeciwdzia\u0142ania Przemocy Domowej oraz Ochrony Os\u00f3b Doznaj\u0105cych Przemocy Domowej w Powiecie \u017byrardowskim na lata 2026-2031<\/td><td>Podj\u0119ta<\/td><\/tr><tr><td>59.<\/td><td>UCHWA\u0141A NR XVII\/127\/25 RADY POWIATU \u017bYRARDOWSKIEGO z dnia 26 listopada 2025 roku w sprawie Programu Wsp\u00f3\u0142pracy Powiatu \u017byrardowskiego z organizacjami pozarz\u0105dowymi oraz podmiotami wymienionymi w art. 3 ust. 3 ustawy o dzia\u0142alno\u015bci po\u017cytku publicznego i o wolontariacie na rok 2026&#8243;<\/td><td>Podj\u0119ta<\/td><\/tr><tr><td>60.<\/td><td>UCHWA\u0141A Nr XVII\/128\/25 RADY POWIATU \u017bYRARDOWSKIEGO z dnia 26 listopada 2025 roku zmieniaj\u0105ca uchwa\u0142\u0119 bud\u017cetow\u0105 Powiatu \u017byrardowskiego na rok 2025<\/td><td>Podj\u0119ta<\/td><\/tr><tr><td>61.<\/td><td>Uchwa\u0142a nr XVII\/129\/25 zmieniaj\u0105ca Wieloletni\u0105 Prognoz\u0119 Finansow\u0105 Powiatu \u017byrardowskiego<\/td><td>Podj\u0119ta<\/td><\/tr><tr><td>62.<\/td><td>UCHWA\u0141A NrXVII\/130\/25 RADY POWIATU \u017bYRARDOWSKIEGO z dnia 26 listopada 2025 roku w sprawie powierzenia prowadzenia niekt\u00f3rych zada\u0144 publicznych nale\u017c\u0105cych do w\u0142a\u015bciwo\u015bci Powiatu \u017byrardowskiego Gminie Miastu \u017byrard\u00f3w<\/td><td>Podj\u0119ta<\/td><\/tr><tr><td>63.<\/td><td>UCHWA\u0141A NR XVIII\/131\/25 RADY POWIATU \u017bYRARDOWSKIEGO z dnia 17 grudnia 2025 r. w sprawie przyj\u0119cia Programu Rozwoju Pieczy Zast\u0119pczej w Powiecie \u017byrardowskim na lata 2025-2027.<\/td><td>Podj\u0119ta<\/td><\/tr><tr><td>64.<\/td><td>UCHWA\u0141A Nr XVIII\/132\/25 RADY POWIATU \u017bYRARDOWSKIEGO z dnia 17 grudnia 2025 roku w sprawie uchwalenia planu pracy Rady Powiatu \u017byrardowskiego na rok 2026<\/td><td>Podj\u0119ta<\/td><\/tr><tr><td>65.<\/td><td>UCHWA\u0141A NR XVIII\/133\/25 RADY POWIATU \u017bYRARDOWSKIEGO z dnia 17 grudnia 2025 r. w sprawie przyj\u0119cia planu pracy i kontroli Komisji Rewizyjnej oraz plan\u00f3w pracy komisji sta\u0142ych Rady Powiatu \u017byrardowskiego na rok 2026<\/td><td>Podj\u0119ta<\/td><\/tr><tr><td>66.<\/td><td>UCHWA\u0141A Nr XVIII\/134\/25 RADY POWIATU \u017bYRARDOWSKIEGO z dnia 17 grudnia 2025 roku zmieniaj\u0105ca uchwa\u0142\u0119 bud\u017cetow\u0105 Powiatu \u017byrardowskiego na rok 2025<\/td><td>Podj\u0119ta<\/td><\/tr><tr><td>67.<\/td><td>Uchwa\u0142a Nr XVIII\/135\/25 RADY POWIATU \u017bYRARDOWSKIEGO z dnia 17 grudnia 2025 roku zmieniaj\u0105ca Wieloletni\u0105 Prognoz\u0119 Finansow\u0105 Powiatu \u017byrardowskiego<\/td><td>Podj\u0119ta<\/td><\/tr><tr><td>68.<\/td><td>UCHWA\u0141A NR XVIII\/136\/25 RADY POWIATU \u017bYRARDOWSKIEGO z dnia 17 grudnia 2025 r. w sprawie Wieloletniej Prognozy Finansowej Powiatu \u017byrardowskiego na lata 2026-2041<\/td><td>Podj\u0119ta<\/td><\/tr><tr><td>69.<\/td><td>UCHWA\u0141A Nr XVIII\/137\/25 RADY POWIATU \u017bYRARDOWSKIEGO z dnia 17 grudnia 2025 roku UCHWA\u0141A BUD\u017bETOWA POWIATU \u017bYRARDOWSKIEGO NA 2026 ROK<\/td><td>Podj\u0119ta<\/td><\/tr><tr><td>70.<\/td><td>UCHWA\u0141A Nr XVIII\/138\/25 RADY POWIATU \u017bYRARDOWSKIEGO z dnia 17 grudnia 2025 r. w sprawie przyj\u0119cia zada\u0144 z zakresu administracji rz\u0105dowej dotycz\u0105cych przyjmowania wniosk\u00f3w paszportowych i wydawania paszport\u00f3w<\/td><td>Podj\u0119ta<\/td><\/tr><tr><td>71.<\/td><td>UCHWA\u0141A NR XVIII\/139\/25 RADY POWIATU \u017bYRARDOWSKIEGO z dnia 17 grudnia 2025 r. w sprawie wyra\u017cenia zgody na odp\u0142atne nabycie nieruchomo\u015bci<\/td><td>Podj\u0119ta<\/td><\/tr><tr><td>72.<\/td><td>UCHWA\u0141A NR XVIII\/140\/25 RADY POWIATU \u017bYRARDOWSKIEGO z dnia 17 grudnia 2025 r. w sprawie akceptacji uchwa\u0142y Wsp\u00f3lnik\u00f3w Centrum Zdrowia Mazowsza Zachodniego w sprawie sprzeda\u017cy oraz obci\u0105\u017cenia nieruchomo\u015bci<\/td><td>Podj\u0119ta<\/td><\/tr><tr><td>73.<\/td><td>Uchwa\u0142a Nr XIX\/141\/25 Rady Powiatu \u017byrardowskiego z dnia 30 grudnia 2025 roku w sprawie ustalenia wykazu i planu finansowego wydatk\u00f3w, kt\u00f3re nie wygasaj\u0105 z up\u0142ywem roku bud\u017cetowego 2025<\/td><td>Podj\u0119ta<\/td><\/tr><tr><td><\/td><td><\/td><td><\/td><\/tr><\/tbody><\/table><\/figure>\n","protected":false},"excerpt":{"rendered":"<p>Lp. Uchwa\u0142a (numer\/przedmiot) Status 1. UCHWA\u0141A NR IX\/69\/25 RADY POWIATU \u017bYRARDOWSKIEGO z dnia 29 stycznia 2025 r. w sprawie ustalenia procedury zg\u0142osze\u0144 zewn\u0119trznych oraz podejmowania dzia\u0142a\u0144 nast\u0119pczych przez Rad\u0119 Powiatu&#8230;<\/p>\n","protected":false},"author":2,"featured_media":0,"parent":0,"menu_order":0,"comment_status":"closed","ping_status":"closed","template":"","meta":{"footnotes":""},"class_list":["post-290","page","type-page","status-publish","hentry"],"_links":{"self":[{"href":"https:\/\/raport2025.powiat-zyrardowski.pl\/index.php\/wp-json\/wp\/v2\/pages\/290","targetHints":{"allow":["GET"]}}],"collection":[{"href":"https:\/\/raport2025.powiat-zyrardowski.pl\/index.php\/wp-json\/wp\/v2\/pages"}],"about":[{"href":"https:\/\/raport2025.powiat-zyrardowski.pl\/index.php\/wp-json\/wp\/v2\/types\/page"}],"author":[{"embeddable":true,"href":"https:\/\/raport2025.powiat-zyrardowski.pl\/index.php\/wp-json\/wp\/v2\/users\/2"}],"replies":[{"embeddable":true,"href":"https:\/\/raport2025.powiat-zyrardowski.pl\/index.php\/wp-json\/wp\/v2\/comments?post=290"}],"version-history":[{"count":4,"href":"https:\/\/raport2025.powiat-zyrardowski.pl\/index.php\/wp-json\/wp\/v2\/pages\/290\/revisions"}],"predecessor-version":[{"id":2519,"href":"https:\/\/raport2025.powiat-zyrardowski.pl\/index.php\/wp-json\/wp\/v2\/pages\/290\/revisions\/2519"}],"wp:attachment":[{"href":"https:\/\/raport2025.powiat-zyrardowski.pl\/index.php\/wp-json\/wp\/v2\/media?parent=290"}],"curies":[{"name":"wp","href":"https:\/\/api.w.org\/{rel}","templated":true}]}}