{"id":211,"date":"2026-02-16T14:44:49","date_gmt":"2026-02-16T13:44:49","guid":{"rendered":"http:\/\/192.168.2.10\/?page_id=211"},"modified":"2026-05-11T14:04:00","modified_gmt":"2026-05-11T12:04:00","slug":"mapa-strony","status":"publish","type":"page","link":"https:\/\/raport2025.powiat-zyrardowski.pl\/index.php\/mapa-strony\/","title":{"rendered":"Mapa strony"},"content":{"rendered":"\n<div class=\"wp-block-columns is-layout-flex wp-container-core-columns-is-layout-9d6595d7 wp-block-columns-is-layout-flex\">\n<div class=\"wp-block-column is-layout-flow wp-block-column-is-layout-flow\">\n<p class=\"has-text-align-left has-text-color has-link-color wp-elements-174bc21ecd970458c34522d7d49e6113\" style=\"color:#14357a\"><img loading=\"lazy\" decoding=\"async\" width=\"310\" height=\"113\" class=\"wp-image-2917\" style=\"width: 310px;\" src=\"https:\/\/raport2025.powiat-zyrardowski.pl\/wp-content\/uploads\/2026\/05\/prostokat-1-scaled.png\" alt=\"Informacje podstawowe zdj\u0119cia Powiat \u017byrardowski\" srcset=\"https:\/\/raport2025.powiat-zyrardowski.pl\/wp-content\/uploads\/2026\/05\/prostokat-1-scaled.png 2560w, https:\/\/raport2025.powiat-zyrardowski.pl\/wp-content\/uploads\/2026\/05\/prostokat-1-300x110.png 300w, https:\/\/raport2025.powiat-zyrardowski.pl\/wp-content\/uploads\/2026\/05\/prostokat-1-1024x374.png 1024w, https:\/\/raport2025.powiat-zyrardowski.pl\/wp-content\/uploads\/2026\/05\/prostokat-1-768x281.png 768w, https:\/\/raport2025.powiat-zyrardowski.pl\/wp-content\/uploads\/2026\/05\/prostokat-1-1536x562.png 1536w, https:\/\/raport2025.powiat-zyrardowski.pl\/wp-content\/uploads\/2026\/05\/prostokat-1-2048x749.png 2048w\" sizes=\"auto, (max-width: 310px) 100vw, 310px\" \/><br><strong>INFORMACJE PODSTAWOWE<\/strong><\/p>\n\n\n\n<ul class=\"wp-block-list\">\n<li class=\"has-small-font-size\"><a href=\"https:\/\/raport2025.powiat-zyrardowski.pl\/index.php\/polozenie-i-podstawowe-parametry\/\">Po\u0142o\u017cenie i podstawowe parametry<\/a><\/li>\n\n\n\n<li class=\"has-small-font-size\"><a href=\"https:\/\/raport2025.powiat-zyrardowski.pl\/index.php\/demografia\/\">Demografia<\/a><\/li>\n\n\n\n<li class=\"has-small-font-size\"><a href=\"https:\/\/raport2025.powiat-zyrardowski.pl\/index.php\/samorzad-powiatu-zyrardowskiego\/\">Samorz\u0105d Powiatu \u017byrardowskiego<\/a>\n<ul class=\"wp-block-list\">\n<li><a href=\"https:\/\/raport2025.powiat-zyrardowski.pl\/index.php\/uchwaly-rady-powiatu\/\">Uchwa\u0142y Rady Powiatu<\/a><\/li>\n\n\n\n<li><a href=\"https:\/\/raport2025.powiat-zyrardowski.pl\/index.php\/uchwaly-zarzadu-powiatu\/\">Uchwa\u0142y Zarz\u0105du Powiatu<\/a><\/li>\n\n\n\n<li><a href=\"https:\/\/raport2025.powiat-zyrardowski.pl\/index.php\/zarzadzenia-starosty-zyrardowskiego\/\">Zarz\u0105dzenia Starosty Powiatu \u017byrardowskiego<\/a><\/li>\n\n\n\n<li><a href=\"https:\/\/raport2025.powiat-zyrardowski.pl\/index.php\/czlonkostwo-powiatu-w-zwiazkach-i-stowarzyszeniach\/\">Cz\u0142onkostwo Powiatu w zwi\u0105zkach i stowarzyszeniach<\/a><\/li>\n<\/ul>\n<\/li>\n\n\n\n<li class=\"has-small-font-size\"><a href=\"https:\/\/raport2025.powiat-zyrardowski.pl\/index.php\/powiatowe-jednostki-organizacyjne\/\">Powiatowe jednostki organizacyjne<\/a><\/li>\n<\/ul>\n<\/div>\n\n\n\n<div class=\"wp-block-column is-layout-flow wp-block-column-is-layout-flow\">\n<p class=\"has-text-align-left has-text-color has-link-color wp-elements-459f18b6f7f7d90e3aebbd63810da2d7\" style=\"color:#14357a\"><img loading=\"lazy\" decoding=\"async\" width=\"310\" height=\"113\" class=\"wp-image-2920\" style=\"width: 310px;\" src=\"https:\/\/raport2025.powiat-zyrardowski.pl\/wp-content\/uploads\/2026\/05\/prostokat-2-scaled.png\" alt=\"Co zrobili\u015bmy? zdj\u0119cia Powiat \u017byrardowski\" srcset=\"https:\/\/raport2025.powiat-zyrardowski.pl\/wp-content\/uploads\/2026\/05\/prostokat-2-scaled.png 2560w, https:\/\/raport2025.powiat-zyrardowski.pl\/wp-content\/uploads\/2026\/05\/prostokat-2-300x110.png 300w, https:\/\/raport2025.powiat-zyrardowski.pl\/wp-content\/uploads\/2026\/05\/prostokat-2-1024x374.png 1024w, https:\/\/raport2025.powiat-zyrardowski.pl\/wp-content\/uploads\/2026\/05\/prostokat-2-768x281.png 768w, https:\/\/raport2025.powiat-zyrardowski.pl\/wp-content\/uploads\/2026\/05\/prostokat-2-1536x562.png 1536w, https:\/\/raport2025.powiat-zyrardowski.pl\/wp-content\/uploads\/2026\/05\/prostokat-2-2048x749.png 2048w\" sizes=\"auto, (max-width: 310px) 100vw, 310px\" \/><strong>CO ZROBILI\u015aMY?<\/strong><\/p>\n\n\n\n<ul class=\"wp-block-list\">\n<li class=\"has-small-font-size\"><a href=\"https:\/\/raport2025.powiat-zyrardowski.pl\/index.php\/strategiczne-dzialania-2025\/\" data-type=\"page\" data-id=\"286\">Strategiczne dzia\u0142ania roku 2025<\/a><\/li>\n\n\n\n<li class=\"has-small-font-size\"><a href=\"https:\/\/raport2025.powiat-zyrardowski.pl\/index.php\/realizowane-polityki-programy-i-strategie\/\" data-type=\"page\" data-id=\"532\">Realizowane polityki, programy i strategie<\/a><\/li>\n\n\n\n<li class=\"has-small-font-size\"><a href=\"https:\/\/raport2025.powiat-zyrardowski.pl\/index.php\/obszar-oddzialywania-cpk\/\" data-type=\"page\" data-id=\"1701\">Obszar oddzia\u0142ywania CPK<\/a><\/li>\n\n\n\n<li class=\"has-small-font-size\"><a href=\"https:\/\/raport2025.powiat-zyrardowski.pl\/index.php\/budzet\/\" data-type=\"page\" data-id=\"536\">Bud\u017cet<\/a><\/li>\n\n\n\n<li class=\"has-small-font-size\"><a href=\"https:\/\/raport2025.powiat-zyrardowski.pl\/index.php\/inwestycje\/\" data-type=\"page\" data-id=\"538\">Inwestycje<\/a><\/li>\n\n\n\n<li class=\"has-small-font-size\"><a href=\"https:\/\/raport2025.powiat-zyrardowski.pl\/index.php\/transport-i-lacznosc\/\" data-type=\"page\" data-id=\"539\">Transport i \u0142\u0105czno\u015b\u0107<\/a><\/li>\n\n\n\n<li class=\"has-small-font-size\"><a href=\"https:\/\/raport2025.powiat-zyrardowski.pl\/index.php\/gospodarka-nieruchomosciami\/\" data-type=\"page\" data-id=\"540\">Gospodarka nieruchomo\u015bciami<\/a><\/li>\n\n\n\n<li class=\"has-small-font-size\"><a href=\"https:\/\/raport2025.powiat-zyrardowski.pl\/index.php\/geodezja-kartografia-i-kataster\/\" data-type=\"page\" data-id=\"541\">Geodezja, kartografia i kataster<\/a><\/li>\n\n\n\n<li class=\"has-small-font-size\"><a href=\"https:\/\/raport2025.powiat-zyrardowski.pl\/index.php\/edukacja-publiczna\/\" data-type=\"page\" data-id=\"542\">Edukacja publiczna<\/a>\n<ul class=\"wp-block-list\">\n<li><a href=\"https:\/\/raport2025.powiat-zyrardowski.pl\/index.php\/egzaminy-w-roku-szkolnym-2024-2025\/\" data-type=\"page\" data-id=\"544\">Egzaminy w roku szkolnym 2024\/2025<\/a><\/li>\n<\/ul>\n<\/li>\n\n\n\n<li class=\"has-small-font-size\"><a href=\"https:\/\/raport2025.powiat-zyrardowski.pl\/index.php\/sprawy-spoleczne\/\" data-type=\"page\" data-id=\"545\">Sprawy spo\u0142eczne<\/a><\/li>\n\n\n\n<li class=\"has-small-font-size\"><a href=\"https:\/\/raport2025.powiat-zyrardowski.pl\/index.php\/ochrona-zdrowia\/\" data-type=\"page\" data-id=\"546\">Ochrona zdrowia<\/a><\/li>\n\n\n\n<li class=\"has-small-font-size\"><a href=\"https:\/\/raport2025.powiat-zyrardowski.pl\/index.php\/rynek-pracy-i-przedsiebiorczosc\/\" data-type=\"page\" data-id=\"547\">Rynek pracy i przedsi\u0119biorczo\u015b\u0107<\/a><\/li>\n<\/ul>\n<\/div>\n\n\n\n<div class=\"wp-block-column is-layout-flow wp-block-column-is-layout-flow\">\n<p class=\"has-text-align-left has-text-color has-link-color wp-elements-608cd05c0e948529d7a6bb2f53050591\" style=\"color:#14357a\"><img loading=\"lazy\" decoding=\"async\" width=\"310\" height=\"113\" class=\"wp-image-2922\" style=\"width: 310px;\" src=\"https:\/\/raport2025.powiat-zyrardowski.pl\/wp-content\/uploads\/2026\/05\/prostokat-3-scaled.png\" alt=\"Powiat dla Mieszka\u0144ca zdj\u0119cia Powiat \u017byrardowski\" srcset=\"https:\/\/raport2025.powiat-zyrardowski.pl\/wp-content\/uploads\/2026\/05\/prostokat-3-scaled.png 2560w, https:\/\/raport2025.powiat-zyrardowski.pl\/wp-content\/uploads\/2026\/05\/prostokat-3-300x110.png 300w, https:\/\/raport2025.powiat-zyrardowski.pl\/wp-content\/uploads\/2026\/05\/prostokat-3-1024x374.png 1024w, https:\/\/raport2025.powiat-zyrardowski.pl\/wp-content\/uploads\/2026\/05\/prostokat-3-768x281.png 768w, https:\/\/raport2025.powiat-zyrardowski.pl\/wp-content\/uploads\/2026\/05\/prostokat-3-1536x562.png 1536w, https:\/\/raport2025.powiat-zyrardowski.pl\/wp-content\/uploads\/2026\/05\/prostokat-3-2048x749.png 2048w\" sizes=\"auto, (max-width: 310px) 100vw, 310px\" \/><strong>POWIAT DLA MIESZKA\u0143CA<\/strong><\/p>\n\n\n\n<ul class=\"wp-block-list\">\n<li class=\"has-small-font-size\"><a href=\"https:\/\/raport2025.powiat-zyrardowski.pl\/index.php\/ochrona-srodowiska\/\" data-type=\"page\" data-id=\"570\">Ochrona \u015brodowiska<\/a><\/li>\n\n\n\n<li class=\"has-small-font-size\"><a href=\"https:\/\/raport2025.powiat-zyrardowski.pl\/index.php\/kultura\/\" data-type=\"page\" data-id=\"572\">Kultura<\/a><\/li>\n\n\n\n<li class=\"has-small-font-size\"><a href=\"https:\/\/raport2025.powiat-zyrardowski.pl\/index.php\/kultura-fizyczna-i-turystyka\/\" data-type=\"page\" data-id=\"573\">Kultura fizyczna i turystyka<\/a><\/li>\n\n\n\n<li class=\"has-small-font-size\"><a href=\"https:\/\/raport2025.powiat-zyrardowski.pl\/index.php\/budzet-obywatelski\/\" data-type=\"page\" data-id=\"574\">Bud\u017cet obywatelski<\/a><\/li>\n\n\n\n<li class=\"has-small-font-size\"><a href=\"https:\/\/raport2025.powiat-zyrardowski.pl\/index.php\/wspolpraca-z-organizacjami-pozarzadowymi\/\" data-type=\"page\" data-id=\"575\">Wsp\u00f3\u0142praca z organizacjami pozarz\u0105dowymi<\/a><\/li>\n\n\n\n<li class=\"has-small-font-size\"><a href=\"https:\/\/raport2025.powiat-zyrardowski.pl\/index.php\/nieodplatna-pomoc-prawna\/\" data-type=\"page\" data-id=\"576\">Nieodp\u0142atna pomoc prawna<\/a><\/li>\n\n\n\n<li class=\"has-small-font-size\"><a href=\"https:\/\/raport2025.powiat-zyrardowski.pl\/index.php\/ochrona-praw-konsumenckich\/\" data-type=\"page\" data-id=\"577\">Ochrona praw konsumenckich<\/a><\/li>\n\n\n\n<li class=\"has-small-font-size\"><a href=\"https:\/\/raport2025.powiat-zyrardowski.pl\/index.php\/bezpieczenstwo-mieszkancow\/\" data-type=\"page\" data-id=\"578\">Bezpiecze\u0144stwo mieszka\u0144c\u00f3w<\/a><\/li>\n\n\n\n<li class=\"has-small-font-size\"><a href=\"https:\/\/raport2025.powiat-zyrardowski.pl\/index.php\/komunikacja-ze-starostwem\/\" data-type=\"page\" data-id=\"579\">Komunikacja ze Starostwem<\/a><\/li>\n<\/ul>\n<\/div>\n<\/div>\n\n\n\n<p><\/p>\n","protected":false},"excerpt":{"rendered":"<p>INFORMACJE PODSTAWOWE CO ZROBILI\u015aMY? POWIAT DLA MIESZKA\u0143CA<\/p>\n","protected":false},"author":2,"featured_media":0,"parent":0,"menu_order":0,"comment_status":"closed","ping_status":"closed","template":"","meta":{"footnotes":""},"class_list":["post-211","page","type-page","status-publish","hentry"],"_links":{"self":[{"href":"https:\/\/raport2025.powiat-zyrardowski.pl\/index.php\/wp-json\/wp\/v2\/pages\/211","targetHints":{"allow":["GET"]}}],"collection":[{"href":"https:\/\/raport2025.powiat-zyrardowski.pl\/index.php\/wp-json\/wp\/v2\/pages"}],"about":[{"href":"https:\/\/raport2025.powiat-zyrardowski.pl\/index.php\/wp-json\/wp\/v2\/types\/page"}],"author":[{"embeddable":true,"href":"https:\/\/raport2025.powiat-zyrardowski.pl\/index.php\/wp-json\/wp\/v2\/users\/2"}],"replies":[{"embeddable":true,"href":"https:\/\/raport2025.powiat-zyrardowski.pl\/index.php\/wp-json\/wp\/v2\/comments?post=211"}],"version-history":[{"count":24,"href":"https:\/\/raport2025.powiat-zyrardowski.pl\/index.php\/wp-json\/wp\/v2\/pages\/211\/revisions"}],"predecessor-version":[{"id":2931,"href":"https:\/\/raport2025.powiat-zyrardowski.pl\/index.php\/wp-json\/wp\/v2\/pages\/211\/revisions\/2931"}],"wp:attachment":[{"href":"https:\/\/raport2025.powiat-zyrardowski.pl\/index.php\/wp-json\/wp\/v2\/media?parent=211"}],"curies":[{"name":"wp","href":"https:\/\/api.w.org\/{rel}","templated":true}]}}