{"id":177,"date":"2026-02-16T12:26:11","date_gmt":"2026-02-16T11:26:11","guid":{"rendered":"http:\/\/192.168.2.10\/?page_id=177"},"modified":"2026-05-06T16:39:48","modified_gmt":"2026-05-06T14:39:48","slug":"powiat-dla-mieszkanca","status":"publish","type":"page","link":"https:\/\/raport2025.powiat-zyrardowski.pl\/index.php\/powiat-dla-mieszkanca\/","title":{"rendered":"Powiat dla mieszka\u0144ca"},"content":{"rendered":"    <section class=\"photo-gallery-section gallery-block-custom caption-below gallery-6a062fa7d2292\" \n             style=\"background-color: #f5f7fa;\"\n             >\n        <div class=\"gallery-container\">\n                        \n            <div class=\"photo-gallery-grid\" style=\"grid-template-columns: repeat(3, 1fr); gap: 30px;\" data-columns=\"3\" data-spacing=\"30\">\n                                    <div class=\"gallery-item\" \n                                                  >\n                                                    <a href=\"https:\/\/raport2025.powiat-zyrardowski.pl\/index.php\/ochrona-srodowiska\/\" class=\"gallery-link\">\n                                                    <div class=\"gallery-image-wrapper\" style=\"height: 250px;\">\n                                <img decoding=\"async\" src=\"https:\/\/raport2025.powiat-zyrardowski.pl\/wp-content\/uploads\/2026\/05\/20240411-IMG_9132-scaled.jpg\" alt=\"Ochrona \u015brodowiska\" loading=\"lazy\" style=\"object-fit: cover;\">\n                                                            <\/div>\n                                                            <div class=\"gallery-caption-below\">\n                                    <span class=\"gallery-caption\" style=\"color: #14357a;\">Ochrona \u015brodowiska<\/span>\n                                                                    <\/div>\n                                                                                <\/a>\n                                            <\/div>\n                                    <div class=\"gallery-item\" \n                                                  >\n                                                    <a href=\"https:\/\/raport2025.powiat-zyrardowski.pl\/index.php\/kultura-oraz-ochrona-zabytkow-i-opieka-nad-zabytkami\/\" class=\"gallery-link\">\n                                                    <div class=\"gallery-image-wrapper\" style=\"height: 250px;\">\n                                <img decoding=\"async\" src=\"https:\/\/raport2025.powiat-zyrardowski.pl\/wp-content\/uploads\/2026\/05\/Dwor-Modrzewiowy-Radziejowice-scaled.jpg\" alt=\"Kultura oraz ochrona zabytk\u00f3w i opieka nad zabytkami\" loading=\"lazy\" style=\"object-fit: cover;\">\n                                                            <\/div>\n                                                            <div class=\"gallery-caption-below\">\n                                    <span class=\"gallery-caption\" style=\"color: #14357a;\">Kultura oraz ochrona zabytk\u00f3w i opieka nad zabytkami<\/span>\n                                                                    <\/div>\n                                                                                <\/a>\n                                            <\/div>\n                                    <div class=\"gallery-item\" \n                                                  >\n                                                    <a href=\"https:\/\/raport2025.powiat-zyrardowski.pl\/index.php\/kultura-fizyczna-i-turystyka\/\" class=\"gallery-link\">\n                                                    <div class=\"gallery-image-wrapper\" style=\"height: 250px;\">\n                                <img decoding=\"async\" src=\"https:\/\/raport2025.powiat-zyrardowski.pl\/wp-content\/uploads\/2026\/05\/kultura-fizyczna.png\" alt=\"Kultura fizyczna i turystyka\" loading=\"lazy\" style=\"object-fit: cover;\">\n                                                            <\/div>\n                                                            <div class=\"gallery-caption-below\">\n                                    <span class=\"gallery-caption\" style=\"color: #14357a;\">Kultura fizyczna i turystyka<\/span>\n                                                                    <\/div>\n                                                                                <\/a>\n                                            <\/div>\n                                    <div class=\"gallery-item\" \n                                                  >\n                                                    <a href=\"https:\/\/raport2025.powiat-zyrardowski.pl\/index.php\/budzet-obywatelski\/\" class=\"gallery-link\">\n                                                    <div class=\"gallery-image-wrapper\" style=\"height: 250px;\">\n                                <img decoding=\"async\" src=\"https:\/\/raport2025.powiat-zyrardowski.pl\/wp-content\/uploads\/2026\/05\/Obwieszczenie-wybory-Rektora-UR.jpg\" alt=\"Bud\u017cet obywatelski\" loading=\"lazy\" style=\"object-fit: cover;\">\n                                                            <\/div>\n                                                            <div class=\"gallery-caption-below\">\n                                    <span class=\"gallery-caption\" style=\"color: #14357a;\">Bud\u017cet obywatelski<\/span>\n                                                                    <\/div>\n                                                                                <\/a>\n                                            <\/div>\n                                    <div class=\"gallery-item\" \n                                                  >\n                                                    <a href=\"https:\/\/raport2025.powiat-zyrardowski.pl\/index.php\/wspolpraca-z-organizacjami-pozarzadowymi\/\" class=\"gallery-link\">\n                                                    <div class=\"gallery-image-wrapper\" style=\"height: 250px;\">\n                                <img decoding=\"async\" src=\"https:\/\/raport2025.powiat-zyrardowski.pl\/wp-content\/uploads\/2026\/05\/Wspolpraca-z-organizacjami-pozarzadowymi2.png\" alt=\"Wsp\u00f3\u0142praca z organizacjami pozarz\u0105dowymi\" loading=\"lazy\" style=\"object-fit: cover;\">\n                                                            <\/div>\n                                                            <div class=\"gallery-caption-below\">\n                                    <span class=\"gallery-caption\" style=\"color: #14357a;\">Wsp\u00f3\u0142praca z organizacjami pozarz\u0105dowymi<\/span>\n                                                                    <\/div>\n                                                                                <\/a>\n                                            <\/div>\n                                    <div class=\"gallery-item\" \n                                                  >\n                                                    <a href=\"https:\/\/raport2025.powiat-zyrardowski.pl\/index.php\/nieodplatna-pomoc-prawna\/\" class=\"gallery-link\">\n                                                    <div class=\"gallery-image-wrapper\" style=\"height: 250px;\">\n                                <img decoding=\"async\" src=\"https:\/\/raport2025.powiat-zyrardowski.pl\/wp-content\/uploads\/2026\/05\/lawyer-provides-legal-counsel-representation-navigating-complexities-law-advocating-justice-judgments-rendered-courts-symbolized-by-gavel-ensuring-equality-balance.jpeg\" alt=\"Nieodp\u0142atna pomoc prawna\" loading=\"lazy\" style=\"object-fit: cover;\">\n                                                            <\/div>\n                                                            <div class=\"gallery-caption-below\">\n                                    <span class=\"gallery-caption\" style=\"color: #14357a;\">Nieodp\u0142atna pomoc prawna<\/span>\n                                                                    <\/div>\n                                                                                <\/a>\n                                            <\/div>\n                                    <div class=\"gallery-item\" \n                                                  >\n                                                    <a href=\"https:\/\/raport2025.powiat-zyrardowski.pl\/index.php\/ochrona-praw-konsumenckich\/\" class=\"gallery-link\">\n                                                    <div class=\"gallery-image-wrapper\" style=\"height: 250px;\">\n                                <img decoding=\"async\" src=\"https:\/\/raport2025.powiat-zyrardowski.pl\/wp-content\/uploads\/2026\/05\/Ochrona-praw-konsumenckich2.png\" alt=\"Ochrona praw konsumenckich\" loading=\"lazy\" style=\"object-fit: cover;\">\n                                                            <\/div>\n                                                            <div class=\"gallery-caption-below\">\n                                    <span class=\"gallery-caption\" style=\"color: #14357a;\">Ochrona praw konsumenckich<\/span>\n                                                                    <\/div>\n                                                                                <\/a>\n                                            <\/div>\n                                    <div class=\"gallery-item\" \n                                                  >\n                                                    <a href=\"https:\/\/raport2025.powiat-zyrardowski.pl\/index.php\/bezpieczenstwo-mieszkancow\/\" class=\"gallery-link\">\n                                                    <div class=\"gallery-image-wrapper\" style=\"height: 250px;\">\n                                <img decoding=\"async\" src=\"https:\/\/raport2025.powiat-zyrardowski.pl\/wp-content\/uploads\/2026\/05\/Bezpieczenstwo.png\" alt=\"Bezpiecze\u0144stwo mieszka\u0144c\u00f3w\" loading=\"lazy\" style=\"object-fit: cover;\">\n                                                            <\/div>\n                                                            <div class=\"gallery-caption-below\">\n                                    <span class=\"gallery-caption\" style=\"color: #14357a;\">Bezpiecze\u0144stwo mieszka\u0144c\u00f3w<\/span>\n                                                                    <\/div>\n                                                                                <\/a>\n                                            <\/div>\n                                    <div class=\"gallery-item\" \n                                                  >\n                                                    <a href=\"https:\/\/raport2025.powiat-zyrardowski.pl\/index.php\/komunikacja-ze-starostwem\/\" class=\"gallery-link\">\n                                                    <div class=\"gallery-image-wrapper\" style=\"height: 250px;\">\n                                <img decoding=\"async\" src=\"https:\/\/raport2025.powiat-zyrardowski.pl\/wp-content\/uploads\/2026\/04\/unnamed5-1.jpg\" alt=\"Komunikacja ze starostwem\" loading=\"lazy\" style=\"object-fit: cover;\">\n                                                            <\/div>\n                                                            <div class=\"gallery-caption-below\">\n                                    <span class=\"gallery-caption\" style=\"color: #14357a;\">Komunikacja ze starostwem<\/span>\n                                                                    <\/div>\n                                                                                <\/a>\n                                            <\/div>\n                            <\/div>\n        <\/div>\n    <\/section>\n    \n    <style>\n    .gallery-block-custom .gallery-container {\n        max-width: 1400px;\n        margin: 0 auto;\n        padding: 80px 20px;\n    }\n    \n    .gallery-block-custom .section-header {\n        text-align: center;\n        margin-bottom: 60px;\n    }\n    \n    .gallery-block-custom .section-header h2 {\n        font-size: 2.5rem;\n        color: #1e3c72;\n        margin-bottom: 15px;\n    }\n    \n    .gallery-block-custom .section-header p {\n        font-size: 1.2rem;\n        color: #666;\n    }\n    \n    .gallery-block-custom .photo-gallery-grid {\n        display: grid;\n    }\n    \n    .gallery-block-custom .gallery-item {\n        position: relative;\n        overflow: hidden;\n        border-radius: 12px;\n        box-shadow: 0 4px 15px rgba(0,0,0,0.1);\n        transition: transform 0.3s ease;\n    }\n    \n    .gallery-block-custom .gallery-item:hover {\n        transform: translateY(-5px);\n    }\n    \n    .gallery-block-custom .gallery-image-wrapper {\n        position: relative;\n        width: 100%;\n        overflow: hidden;\n    }\n    \n    .gallery-block-custom .gallery-image-wrapper img {\n        position: absolute;\n        top: 0;\n        left: 0;\n        width: 100%;\n        height: 100%;\n    }\n    \n    .gallery-block-custom .gallery-caption-below {\n        padding: 12px 16px;\n        background: #fff;\n        font-size: 0.95rem;\n        text-align: center;\n    }\n    \n    .gallery-block-custom .gallery-caption-below .gallery-caption,\n    .gallery-block-custom .gallery-overlay .gallery-caption {\n        display: block;\n        text-align: center;\n        width: 100%;\n    }\n    \n    .gallery-block-custom .gallery-sub-caption {\n        display: block;\n        text-align: center;\n        width: 100%;\n        font-size: 0.85rem;\n        font-weight: 400;\n        text-transform: none !important;\n        margin-top: 4px;\n    }\n    \n    .gallery-block-custom .gallery-overlay {\n        position: absolute;\n        top: 0;\n        left: 0;\n        right: 0;\n        bottom: 0;\n        background: rgba(30, 60, 114, 0.9);\n        display: flex;\n        flex-direction: column;\n        align-items: center;\n        justify-content: center;\n        opacity: 0;\n        transition: opacity 0.3s ease;\n    }\n    \n    .gallery-block-custom .gallery-item:hover .gallery-overlay {\n        opacity: 1;\n    }\n    \n    .gallery-block-custom .gallery-caption {\n        color: white;\n        font-size: 1.1rem;\n        font-weight: 600;\n        padding: 0 20px;\n        text-align: center;\n    }\n    \n    .gallery-block-custom .gallery-arrow {\n        color: white;\n        font-size: 2rem;\n        margin-top: 15px;\n    }\n    \n    @media (max-width: 768px) {\n        .gallery-block-custom .photo-gallery-grid {\n            display: block !important;\n            grid-template-columns: 1fr !important;\n        }\n        \n        .gallery-block-custom .gallery-item {\n            width: 100% !important;\n            margin-bottom: 20px;\n        }\n        \n        .gallery-block-custom .gallery-item:last-child {\n            margin-bottom: 0;\n        }\n        \n        .gallery-block-custom .gallery-container {\n            padding-left: 10px !important;\n            padding-right: 10px !important;\n        }\n        \n        .gallery-block-custom.photo-gallery-section {\n            padding: 30px 0 !important;\n        }\n    }\n    <\/style>\n    \n        \n    ","protected":false},"excerpt":{"rendered":"","protected":false},"author":2,"featured_media":0,"parent":0,"menu_order":0,"comment_status":"closed","ping_status":"closed","template":"","meta":{"footnotes":""},"class_list":["post-177","page","type-page","status-publish","hentry"],"_links":{"self":[{"href":"https:\/\/raport2025.powiat-zyrardowski.pl\/index.php\/wp-json\/wp\/v2\/pages\/177","targetHints":{"allow":["GET"]}}],"collection":[{"href":"https:\/\/raport2025.powiat-zyrardowski.pl\/index.php\/wp-json\/wp\/v2\/pages"}],"about":[{"href":"https:\/\/raport2025.powiat-zyrardowski.pl\/index.php\/wp-json\/wp\/v2\/types\/page"}],"author":[{"embeddable":true,"href":"https:\/\/raport2025.powiat-zyrardowski.pl\/index.php\/wp-json\/wp\/v2\/users\/2"}],"replies":[{"embeddable":true,"href":"https:\/\/raport2025.powiat-zyrardowski.pl\/index.php\/wp-json\/wp\/v2\/comments?post=177"}],"version-history":[{"count":10,"href":"https:\/\/raport2025.powiat-zyrardowski.pl\/index.php\/wp-json\/wp\/v2\/pages\/177\/revisions"}],"predecessor-version":[{"id":1921,"href":"https:\/\/raport2025.powiat-zyrardowski.pl\/index.php\/wp-json\/wp\/v2\/pages\/177\/revisions\/1921"}],"wp:attachment":[{"href":"https:\/\/raport2025.powiat-zyrardowski.pl\/index.php\/wp-json\/wp\/v2\/media?parent=177"}],"curies":[{"name":"wp","href":"https:\/\/api.w.org\/{rel}","templated":true}]}}