{"id":176,"date":"2026-02-16T12:26:11","date_gmt":"2026-02-16T11:26:11","guid":{"rendered":"http:\/\/192.168.2.10\/?page_id=176"},"modified":"2026-05-08T12:51:27","modified_gmt":"2026-05-08T10:51:27","slug":"co-zrobilismy","status":"publish","type":"page","link":"https:\/\/raport2025.powiat-zyrardowski.pl\/index.php\/co-zrobilismy\/","title":{"rendered":"Co zrobili\u015bmy?"},"content":{"rendered":"\n<p><\/p>\n\n\n    <section class=\"photo-gallery-section gallery-block-custom caption-below gallery-6a062f8513a62\" \n             style=\"background-color: #f5f7fa;\"\n             >\n        <div class=\"gallery-container\">\n                        \n            <div class=\"photo-gallery-grid\" style=\"grid-template-columns: repeat(3, 1fr); gap: 30px;\" data-columns=\"3\" data-spacing=\"30\">\n                                    <div class=\"gallery-item\" \n                                                  >\n                                                    <a href=\"https:\/\/raport2025.powiat-zyrardowski.pl\/index.php\/strategiczne-dzialania-2025\/\" class=\"gallery-link\">\n                                                    <div class=\"gallery-image-wrapper\" style=\"height: 250px;\">\n                                <img decoding=\"async\" src=\"https:\/\/raport2025.powiat-zyrardowski.pl\/wp-content\/uploads\/2026\/05\/ed15412f-9002-4f45-a434-ab0dda853559.png\" alt=\"Strategiczne dzia\u0142ania 2025 r.\" loading=\"lazy\" style=\"object-fit: cover;\">\n                                                            <\/div>\n                                                            <div class=\"gallery-caption-below\">\n                                    <span class=\"gallery-caption\" style=\"color: #0a5d7d;\">Strategiczne dzia\u0142ania 2025 r.<\/span>\n                                                                    <\/div>\n                                                                                <\/a>\n                                            <\/div>\n                                    <div class=\"gallery-item\" \n                                                  >\n                                                    <a href=\"https:\/\/raport2025.powiat-zyrardowski.pl\/index.php\/realizowane-polityki-programy-i-strategie\/\" class=\"gallery-link\">\n                                                    <div class=\"gallery-image-wrapper\" style=\"height: 250px;\">\n                                <img decoding=\"async\" src=\"https:\/\/raport2025.powiat-zyrardowski.pl\/wp-content\/uploads\/2026\/04\/20260215-dji_fly_20260215_144030_0177_1771163834084_photo-Poprawione-Szum-scaled.jpg\" alt=\"Realizowane polityki, programy i strategie\" loading=\"lazy\" style=\"object-fit: cover;\">\n                                                            <\/div>\n                                                            <div class=\"gallery-caption-below\">\n                                    <span class=\"gallery-caption\" style=\"color: #0a5d7d;\">Realizowane polityki, programy i strategie<\/span>\n                                                                    <\/div>\n                                                                                <\/a>\n                                            <\/div>\n                                    <div class=\"gallery-item\" \n                                                  >\n                                                    <a href=\"https:\/\/raport2025.powiat-zyrardowski.pl\/index.php\/obszar-oddzialywania-cpk\/\" class=\"gallery-link\">\n                                                    <div class=\"gallery-image-wrapper\" style=\"height: 250px;\">\n                                <img decoding=\"async\" src=\"https:\/\/raport2025.powiat-zyrardowski.pl\/wp-content\/uploads\/2026\/05\/Obraz1.jpg\" alt=\"Obszar oddzia\u0142ywywania CPK\" loading=\"lazy\" style=\"object-fit: cover;\">\n                                                            <\/div>\n                                                            <div class=\"gallery-caption-below\">\n                                    <span class=\"gallery-caption\" style=\"color: #0a5d7d;\">Obszar oddzia\u0142ywywania CPK<\/span>\n                                                                    <\/div>\n                                                                                <\/a>\n                                            <\/div>\n                                    <div class=\"gallery-item\" \n                                                  >\n                                                    <a href=\"https:\/\/raport2025.powiat-zyrardowski.pl\/index.php\/budzet\/\" class=\"gallery-link\">\n                                                    <div class=\"gallery-image-wrapper\" style=\"height: 250px;\">\n                                <img decoding=\"async\" src=\"https:\/\/raport2025.powiat-zyrardowski.pl\/wp-content\/uploads\/2026\/05\/Budzet.png\" alt=\"Bud\u017cet\" loading=\"lazy\" style=\"object-fit: cover;\">\n                                                            <\/div>\n                                                            <div class=\"gallery-caption-below\">\n                                    <span class=\"gallery-caption\" style=\"color: #0a5d7d;\">Bud\u017cet<\/span>\n                                                                    <\/div>\n                                                                                <\/a>\n                                            <\/div>\n                                    <div class=\"gallery-item\" \n                                                  >\n                                                    <a href=\"https:\/\/raport2025.powiat-zyrardowski.pl\/index.php\/inwestycje\/\" class=\"gallery-link\">\n                                                    <div class=\"gallery-image-wrapper\" style=\"height: 250px;\">\n                                <img decoding=\"async\" src=\"https:\/\/raport2025.powiat-zyrardowski.pl\/wp-content\/uploads\/2026\/05\/inwestycje2.png\" alt=\"Inwestycje\" loading=\"lazy\" style=\"object-fit: cover;\">\n                                                            <\/div>\n                                                            <div class=\"gallery-caption-below\">\n                                    <span class=\"gallery-caption\" style=\"color: #0a5d7d;\">Inwestycje<\/span>\n                                                                    <\/div>\n                                                                                <\/a>\n                                            <\/div>\n                                    <div class=\"gallery-item\" \n                                                  >\n                                                    <a href=\"https:\/\/raport2025.powiat-zyrardowski.pl\/index.php\/transport-i-lacznosc\/\" class=\"gallery-link\">\n                                                    <div class=\"gallery-image-wrapper\" style=\"height: 250px;\">\n                                <img decoding=\"async\" src=\"https:\/\/raport2025.powiat-zyrardowski.pl\/wp-content\/uploads\/2026\/05\/transport.png\" alt=\"Transport i \u0141\u0105czno\u015b\u0107\" loading=\"lazy\" style=\"object-fit: cover;\">\n                                                            <\/div>\n                                                            <div class=\"gallery-caption-below\">\n                                    <span class=\"gallery-caption\" style=\"color: #0a5d7d;\">Transport i \u0141\u0105czno\u015b\u0107<\/span>\n                                                                    <\/div>\n                                                                                <\/a>\n                                            <\/div>\n                                    <div class=\"gallery-item\" \n                                                  >\n                                                    <a href=\"https:\/\/raport2025.powiat-zyrardowski.pl\/index.php\/gospodarka-nieruchomosciami\/\" class=\"gallery-link\">\n                                                    <div class=\"gallery-image-wrapper\" style=\"height: 250px;\">\n                                <img decoding=\"async\" src=\"https:\/\/raport2025.powiat-zyrardowski.pl\/wp-content\/uploads\/2026\/05\/gospodarka-nieruchomosciami-768x543-1.jpg\" alt=\"Gospodarka nieruchomo\u015bciami\" loading=\"lazy\" style=\"object-fit: cover;\">\n                                                            <\/div>\n                                                            <div class=\"gallery-caption-below\">\n                                    <span class=\"gallery-caption\" style=\"color: #0a5d7d;\">Gospodarka nieruchomo\u015bciami<\/span>\n                                                                    <\/div>\n                                                                                <\/a>\n                                            <\/div>\n                                    <div class=\"gallery-item\" \n                                                  >\n                                                    <a href=\"https:\/\/raport2025.powiat-zyrardowski.pl\/index.php\/geodezja-kartografia-i-kataster\/\" class=\"gallery-link\">\n                                                    <div class=\"gallery-image-wrapper\" style=\"height: 250px;\">\n                                <img decoding=\"async\" src=\"https:\/\/raport2025.powiat-zyrardowski.pl\/wp-content\/uploads\/2026\/05\/mapa-geodezyjna.jpg\" alt=\"Geodezja, kartografia i kataster\" loading=\"lazy\" style=\"object-fit: cover;\">\n                                                            <\/div>\n                                                            <div class=\"gallery-caption-below\">\n                                    <span class=\"gallery-caption\" style=\"color: #0a5d7d;\">Geodezja, kartografia i kataster<\/span>\n                                                                    <\/div>\n                                                                                <\/a>\n                                            <\/div>\n                                    <div class=\"gallery-item\" \n                                                  >\n                                                    <a href=\"https:\/\/raport2025.powiat-zyrardowski.pl\/index.php\/edukacja-publiczna\/\" class=\"gallery-link\">\n                                                    <div class=\"gallery-image-wrapper\" style=\"height: 250px;\">\n                                <img decoding=\"async\" src=\"https:\/\/raport2025.powiat-zyrardowski.pl\/wp-content\/uploads\/2026\/05\/13-Edukacja-publiczna-scaled.jpg\" alt=\"Edukacja publiczna\" loading=\"lazy\" style=\"object-fit: cover;\">\n                                                            <\/div>\n                                                            <div class=\"gallery-caption-below\">\n                                    <span class=\"gallery-caption\" style=\"color: #0a5d7d;\">Edukacja publiczna<\/span>\n                                                                    <\/div>\n                                                                                <\/a>\n                                            <\/div>\n                                    <div class=\"gallery-item\" \n                                                  >\n                                                    <a href=\"https:\/\/raport2025.powiat-zyrardowski.pl\/index.php\/sprawy-spoleczne\/\" class=\"gallery-link\">\n                                                    <div class=\"gallery-image-wrapper\" style=\"height: 250px;\">\n                                <img decoding=\"async\" src=\"https:\/\/raport2025.powiat-zyrardowski.pl\/wp-content\/uploads\/2026\/05\/unnamed8.jpg\" alt=\"Sprawy spo\u0142eczne\" loading=\"lazy\" style=\"object-fit: cover;\">\n                                                            <\/div>\n                                                            <div class=\"gallery-caption-below\">\n                                    <span class=\"gallery-caption\" style=\"color: #0a5d7d;\">Sprawy spo\u0142eczne<\/span>\n                                                                    <\/div>\n                                                                                <\/a>\n                                            <\/div>\n                                    <div class=\"gallery-item\" \n                                                  >\n                                                    <a href=\"https:\/\/raport2025.powiat-zyrardowski.pl\/index.php\/ochrona-zdrowia\/\" class=\"gallery-link\">\n                                                    <div class=\"gallery-image-wrapper\" style=\"height: 250px;\">\n                                <img decoding=\"async\" src=\"https:\/\/raport2025.powiat-zyrardowski.pl\/wp-content\/uploads\/2026\/05\/szpital.jpeg\" alt=\"Ochrona zdrowia\" loading=\"lazy\" style=\"object-fit: cover;\">\n                                                            <\/div>\n                                                            <div class=\"gallery-caption-below\">\n                                    <span class=\"gallery-caption\" style=\"color: #0a5d7d;\">Ochrona zdrowia<\/span>\n                                                                    <\/div>\n                                                                                <\/a>\n                                            <\/div>\n                                    <div class=\"gallery-item\" \n                                                  >\n                                                    <a href=\"https:\/\/raport2025.powiat-zyrardowski.pl\/index.php\/rynek-pracy-i-przedsiebiorczosc\/\" class=\"gallery-link\">\n                                                    <div class=\"gallery-image-wrapper\" style=\"height: 250px;\">\n                                <img decoding=\"async\" src=\"https:\/\/raport2025.powiat-zyrardowski.pl\/wp-content\/uploads\/2026\/05\/biz.jpg\" alt=\"Rynek pracy i przedsi\u0119biorczo\u015b\u0107\" loading=\"lazy\" style=\"object-fit: cover;\">\n                                                            <\/div>\n                                                            <div class=\"gallery-caption-below\">\n                                    <span class=\"gallery-caption\" style=\"color: #0a5d7d;\">Rynek pracy i przedsi\u0119biorczo\u015b\u0107<\/span>\n                                                                    <\/div>\n                                                                                <\/a>\n                                            <\/div>\n                            <\/div>\n        <\/div>\n    <\/section>\n    \n    <style>\n    .gallery-block-custom .gallery-container {\n        max-width: 1400px;\n        margin: 0 auto;\n        padding: 80px 20px;\n    }\n    \n    .gallery-block-custom .section-header {\n        text-align: center;\n        margin-bottom: 60px;\n    }\n    \n    .gallery-block-custom .section-header h2 {\n        font-size: 2.5rem;\n        color: #1e3c72;\n        margin-bottom: 15px;\n    }\n    \n    .gallery-block-custom .section-header p {\n        font-size: 1.2rem;\n        color: #666;\n    }\n    \n    .gallery-block-custom .photo-gallery-grid {\n        display: grid;\n    }\n    \n    .gallery-block-custom .gallery-item {\n        position: relative;\n        overflow: hidden;\n        border-radius: 12px;\n        box-shadow: 0 4px 15px rgba(0,0,0,0.1);\n        transition: transform 0.3s ease;\n    }\n    \n    .gallery-block-custom .gallery-item:hover {\n        transform: translateY(-5px);\n    }\n    \n    .gallery-block-custom .gallery-image-wrapper {\n        position: relative;\n        width: 100%;\n        overflow: hidden;\n    }\n    \n    .gallery-block-custom .gallery-image-wrapper img {\n        position: absolute;\n        top: 0;\n        left: 0;\n        width: 100%;\n        height: 100%;\n    }\n    \n    .gallery-block-custom .gallery-caption-below {\n        padding: 12px 16px;\n        background: #fff;\n        font-size: 0.95rem;\n        text-align: center;\n    }\n    \n    .gallery-block-custom .gallery-caption-below .gallery-caption,\n    .gallery-block-custom .gallery-overlay .gallery-caption {\n        display: block;\n        text-align: center;\n        width: 100%;\n    }\n    \n    .gallery-block-custom .gallery-sub-caption {\n        display: block;\n        text-align: center;\n        width: 100%;\n        font-size: 0.85rem;\n        font-weight: 400;\n        text-transform: none !important;\n        margin-top: 4px;\n    }\n    \n    .gallery-block-custom .gallery-overlay {\n        position: absolute;\n        top: 0;\n        left: 0;\n        right: 0;\n        bottom: 0;\n        background: rgba(30, 60, 114, 0.9);\n        display: flex;\n        flex-direction: column;\n        align-items: center;\n        justify-content: center;\n        opacity: 0;\n        transition: opacity 0.3s ease;\n    }\n    \n    .gallery-block-custom .gallery-item:hover .gallery-overlay {\n        opacity: 1;\n    }\n    \n    .gallery-block-custom .gallery-caption {\n        color: white;\n        font-size: 1.1rem;\n        font-weight: 600;\n        padding: 0 20px;\n        text-align: center;\n    }\n    \n    .gallery-block-custom .gallery-arrow {\n        color: white;\n        font-size: 2rem;\n        margin-top: 15px;\n    }\n    \n    @media (max-width: 768px) {\n        .gallery-block-custom .photo-gallery-grid {\n            display: block !important;\n            grid-template-columns: 1fr !important;\n        }\n        \n        .gallery-block-custom .gallery-item {\n            width: 100% !important;\n            margin-bottom: 20px;\n        }\n        \n        .gallery-block-custom .gallery-item:last-child {\n            margin-bottom: 0;\n        }\n        \n        .gallery-block-custom .gallery-container {\n            padding-left: 10px !important;\n            padding-right: 10px !important;\n        }\n        \n        .gallery-block-custom.photo-gallery-section {\n            padding: 30px 0 !important;\n        }\n    }\n    <\/style>\n    \n        \n    ","protected":false},"excerpt":{"rendered":"","protected":false},"author":2,"featured_media":0,"parent":0,"menu_order":0,"comment_status":"closed","ping_status":"closed","template":"","meta":{"footnotes":""},"class_list":["post-176","page","type-page","status-publish","hentry"],"_links":{"self":[{"href":"https:\/\/raport2025.powiat-zyrardowski.pl\/index.php\/wp-json\/wp\/v2\/pages\/176","targetHints":{"allow":["GET"]}}],"collection":[{"href":"https:\/\/raport2025.powiat-zyrardowski.pl\/index.php\/wp-json\/wp\/v2\/pages"}],"about":[{"href":"https:\/\/raport2025.powiat-zyrardowski.pl\/index.php\/wp-json\/wp\/v2\/types\/page"}],"author":[{"embeddable":true,"href":"https:\/\/raport2025.powiat-zyrardowski.pl\/index.php\/wp-json\/wp\/v2\/users\/2"}],"replies":[{"embeddable":true,"href":"https:\/\/raport2025.powiat-zyrardowski.pl\/index.php\/wp-json\/wp\/v2\/comments?post=176"}],"version-history":[{"count":5,"href":"https:\/\/raport2025.powiat-zyrardowski.pl\/index.php\/wp-json\/wp\/v2\/pages\/176\/revisions"}],"predecessor-version":[{"id":2467,"href":"https:\/\/raport2025.powiat-zyrardowski.pl\/index.php\/wp-json\/wp\/v2\/pages\/176\/revisions\/2467"}],"wp:attachment":[{"href":"https:\/\/raport2025.powiat-zyrardowski.pl\/index.php\/wp-json\/wp\/v2\/media?parent=176"}],"curies":[{"name":"wp","href":"https:\/\/api.w.org\/{rel}","templated":true}]}}