{"id":128,"date":"2026-02-16T11:48:06","date_gmt":"2026-02-16T10:48:06","guid":{"rendered":"http:\/\/192.168.2.10\/?page_id=128"},"modified":"2026-05-12T10:44:29","modified_gmt":"2026-05-12T08:44:29","slug":"deklaracja-dostepnosci","status":"publish","type":"page","link":"https:\/\/raport2025.powiat-zyrardowski.pl\/index.php\/deklaracja-dostepnosci\/","title":{"rendered":"Deklaracja dost\u0119pno\u015bci"},"content":{"rendered":"\n<p>Starostwo Powiatowe w \u017byrardowie zobowi\u0105zuje si\u0119 zapewni\u0107 dost\u0119pno\u015b\u0107 strony internetowej zawieraj\u0105cej Raport o Stanie Powiatu zgodnie z przepisami ustawy z dnia 4 kwietnia 2019 r. o dost\u0119pno\u015bci cyfrowej stron internetowych i aplikacji mobilnych podmiot\u00f3w publicznych oraz wytycznymi WCAG 2.1 na poziomie AA.<\/p>\n\n\n\n<p><strong>Data publikacji strony internetowej:<\/strong> 13.05.2026.<br><strong>Data ostatniej istotnej aktualizacji:<\/strong> 13.05.2026.<\/p>\n\n\n\n<h4 class=\"wp-block-heading has-text-color has-link-color wp-elements-1c3264972a44b8fca7483fc80572d5fa\" style=\"color:#14357a\">Stan dost\u0119pno\u015bci cyfrowej<\/h4>\n\n\n\n<p>Strona internetowa jest cz\u0119\u015bciowo zgodna z wytycznymi WCAG 2.1 na poziomie AA z powodu niezgodno\u015bci lub wy\u0142\u0105cze\u0144 wymienionych poni\u017cej.<\/p>\n\n\n\n<h4 class=\"wp-block-heading has-text-color has-link-color wp-elements-e2ab9fe3822974d074c6196b1d7ecfc6\" style=\"color:#14357a\">U\u0142atwienia na stronie<\/h4>\n\n\n\n<p>Strona posiada nast\u0119puj\u0105ce funkcje u\u0142atwiaj\u0105ce dost\u0119p:<\/p>\n\n\n\n<ul class=\"wp-block-list\">\n<li>mo\u017cliwo\u015b\u0107 powi\u0119kszenia rozmiaru czcionki,<\/li>\n\n\n\n<li>mo\u017cliwo\u015b\u0107 w\u0142\u0105czenia wersji o podwy\u017cszonym kontra\u015bcie,<\/li>\n\n\n\n<li>obs\u0142ug\u0119 strony za pomoc\u0105 klawiatury (w podstawowym zakresie),<\/li>\n\n\n\n<li>czyteln\u0105 struktur\u0119 nag\u0142\u00f3wk\u00f3w i tre\u015bci.<\/li>\n<\/ul>\n\n\n\n<div style=\"height:20px\" aria-hidden=\"true\" class=\"wp-block-spacer\"><\/div>\n\n\n\n<h4 class=\"wp-block-heading has-text-color has-link-color wp-elements-d0b8f1c1fc595025186bbcdd5ef945b8\" style=\"color:#14357a\">Tre\u015bci niedost\u0119pne<\/h4>\n\n\n\n<p>Mog\u0105 wyst\u0119powa\u0107 nast\u0119puj\u0105ce ograniczenia:<\/p>\n\n\n\n<ul class=\"wp-block-list\">\n<li>niekt\u00f3re elementy graficzne mog\u0105 nie posiada\u0107 opis\u00f3w alternatywnych (dotyczy to w szczeg\u00f3lno\u015bci grafik o charakterze dekoracyjnym lub nieprzekazuj\u0105cych istotnych tre\u015bci),<\/li>\n\n\n\n<li>drobne niezgodno\u015bci w strukturze dokument\u00f3w lub elementach interfejsu.<\/li>\n<\/ul>\n\n\n\n<div style=\"height:20px\" aria-hidden=\"true\" class=\"wp-block-spacer\"><\/div>\n\n\n\n<h4 class=\"wp-block-heading has-text-color has-link-color wp-elements-55f3b6cba2c08cbef475edf0fe1ba60a\" style=\"color:#14357a\">Przygotowanie deklaracji dost\u0119pno\u015bci<\/h4>\n\n\n\n<p>Deklaracj\u0119 sporz\u0105dzono dnia: 13.05.2026<br>Deklaracj\u0119 sporz\u0105dzono na podstawie samooceny przeprowadzonej przez podmiot.<\/p>\n\n\n\n<h4 class=\"wp-block-heading has-text-color has-link-color wp-elements-44148b3632d8c9eaeeee33c3dc6c986d\" style=\"color:#14357a\">Informacje zwrotne i dane kontaktowe<\/h4>\n\n\n\n<p>W przypadku problem\u00f3w z dost\u0119pno\u015bci\u0105 strony internetowej prosimy o kontakt:<br>E-mail: starostwo@powiat-zyrardowski.pl<br>Telefon: 46 856 61 00<\/p>\n\n\n\n<p>T\u0105 sam\u0105 drog\u0105 mo\u017cna sk\u0142ada\u0107 wnioski o udost\u0119pnienie informacji niedost\u0119pnej oraz \u017c\u0105da\u0107 zapewnienia dost\u0119pno\u015bci.<\/p>\n\n\n\n<h4 class=\"wp-block-heading has-text-color has-link-color wp-elements-b8c038bd7c811ce95d653ecdbc6d8b59\" style=\"color:#14357a\">Procedura odwo\u0142awcza<\/h4>\n\n\n\n<p>Ka\u017cdy ma prawo:<\/p>\n\n\n\n<ul class=\"wp-block-list\">\n<li>zg\u0142osi\u0107 uwagi dotycz\u0105ce dost\u0119pno\u015bci cyfrowej strony,<\/li>\n\n\n\n<li>zg\u0142osi\u0107 \u017c\u0105danie zapewnienia dost\u0119pno\u015bci cyfrowej,<\/li>\n\n\n\n<li>wnioskowa\u0107 o udost\u0119pnienie informacji w alternatywnej formie.<\/li>\n<\/ul>\n\n\n\n<p>W przypadku odmowy realizacji \u017c\u0105dania lub niezadowalaj\u0105cej odpowiedzi, mo\u017cna z\u0142o\u017cy\u0107 skarg\u0119 do w\u0142a\u015bciwego organu nadzorczego lub do Rzecznika Praw Obywatelskich.<\/p>\n","protected":false},"excerpt":{"rendered":"<p>Starostwo Powiatowe w \u017byrardowie zobowi\u0105zuje si\u0119 zapewni\u0107 dost\u0119pno\u015b\u0107 strony internetowej zawieraj\u0105cej Raport o Stanie Powiatu zgodnie z przepisami ustawy z dnia 4 kwietnia 2019 r. o dost\u0119pno\u015bci cyfrowej stron internetowych&#8230;<\/p>\n","protected":false},"author":2,"featured_media":0,"parent":0,"menu_order":0,"comment_status":"closed","ping_status":"closed","template":"","meta":{"footnotes":""},"class_list":["post-128","page","type-page","status-publish","hentry"],"_links":{"self":[{"href":"https:\/\/raport2025.powiat-zyrardowski.pl\/index.php\/wp-json\/wp\/v2\/pages\/128","targetHints":{"allow":["GET"]}}],"collection":[{"href":"https:\/\/raport2025.powiat-zyrardowski.pl\/index.php\/wp-json\/wp\/v2\/pages"}],"about":[{"href":"https:\/\/raport2025.powiat-zyrardowski.pl\/index.php\/wp-json\/wp\/v2\/types\/page"}],"author":[{"embeddable":true,"href":"https:\/\/raport2025.powiat-zyrardowski.pl\/index.php\/wp-json\/wp\/v2\/users\/2"}],"replies":[{"embeddable":true,"href":"https:\/\/raport2025.powiat-zyrardowski.pl\/index.php\/wp-json\/wp\/v2\/comments?post=128"}],"version-history":[{"count":5,"href":"https:\/\/raport2025.powiat-zyrardowski.pl\/index.php\/wp-json\/wp\/v2\/pages\/128\/revisions"}],"predecessor-version":[{"id":2978,"href":"https:\/\/raport2025.powiat-zyrardowski.pl\/index.php\/wp-json\/wp\/v2\/pages\/128\/revisions\/2978"}],"wp:attachment":[{"href":"https:\/\/raport2025.powiat-zyrardowski.pl\/index.php\/wp-json\/wp\/v2\/media?parent=128"}],"curies":[{"name":"wp","href":"https:\/\/api.w.org\/{rel}","templated":true}]}}